{"id":12434,"date":"2023-09-08T15:42:41","date_gmt":"2023-09-08T14:42:41","guid":{"rendered":"https:\/\/baralivres.ma\/?post_type=product&#038;p=12434"},"modified":"2023-11-08T09:44:20","modified_gmt":"2023-11-08T08:44:20","slug":"naruto-tome-38","status":"publish","type":"product","link":"https:\/\/baralivres.ma\/?product=naruto-tome-38","title":{"rendered":"Naruto Tome 38"},"content":{"rendered":"<p>Naruto ex\u00e9cute l&rsquo;Orbe Shuriken ! Gr\u00e2ce \u00e0 cette technique que m\u00eame le 4e Hokage n&rsquo;avait jamais totalement ma\u00eetris\u00e9e, Naruto viendra-t-il \u00e0 bout du terrible Kakuzu ! Pendant ce temps, Sasuke affronte Orochimaru ! Qui du ma\u00eetre ou de l&rsquo;\u00e9l\u00e8ve survivra \u00e0 ce combat d&rsquo;une sauvagerie inou\u00efe ? !<\/p>\n","protected":false},"excerpt":{"rendered":"<p>Naruto ex\u00e9cute l&rsquo;Orbe Shuriken ! Gr\u00e2ce \u00e0 cette technique que m\u00eame le 4e Hokage n&rsquo;avait jamais totalement ma\u00eetris\u00e9e, Naruto viendra-t-il \u00e0 bout du terrible Kakuzu ! Pendant ce temps, Sasuke affronte Orochimaru ! Qui du ma\u00eetre ou de l&rsquo;\u00e9l\u00e8ve survivra \u00e0 ce combat d&rsquo;une sauvagerie inou\u00efe ? !<\/p>\n","protected":false},"featured_media":12435,"comment_status":"open","ping_status":"closed","template":"","meta":{"inline_featured_image":false},"product_cat":[203,204,205],"product_tag":[],"class_list":{"0":"post-12434","1":"product","2":"type-product","3":"status-publish","4":"has-post-thumbnail","6":"product_cat-adolescente","7":"product_cat-francais","8":"product_cat-enfant-adolescente-francais","10":"first","11":"instock","12":"shipping-taxable","13":"purchasable","14":"product-type-simple"},"_links":{"self":[{"href":"https:\/\/baralivres.ma\/index.php?rest_route=\/wp\/v2\/product\/12434","targetHints":{"allow":["GET"]}}],"collection":[{"href":"https:\/\/baralivres.ma\/index.php?rest_route=\/wp\/v2\/product"}],"about":[{"href":"https:\/\/baralivres.ma\/index.php?rest_route=\/wp\/v2\/types\/product"}],"replies":[{"embeddable":true,"href":"https:\/\/baralivres.ma\/index.php?rest_route=%2Fwp%2Fv2%2Fcomments&post=12434"}],"version-history":[{"count":1,"href":"https:\/\/baralivres.ma\/index.php?rest_route=\/wp\/v2\/product\/12434\/revisions"}],"predecessor-version":[{"id":12436,"href":"https:\/\/baralivres.ma\/index.php?rest_route=\/wp\/v2\/product\/12434\/revisions\/12436"}],"wp:featuredmedia":[{"embeddable":true,"href":"https:\/\/baralivres.ma\/index.php?rest_route=\/wp\/v2\/media\/12435"}],"wp:attachment":[{"href":"https:\/\/baralivres.ma\/index.php?rest_route=%2Fwp%2Fv2%2Fmedia&parent=12434"}],"wp:term":[{"taxonomy":"product_cat","embeddable":true,"href":"https:\/\/baralivres.ma\/index.php?rest_route=%2Fwp%2Fv2%2Fproduct_cat&post=12434"},{"taxonomy":"product_tag","embeddable":true,"href":"https:\/\/baralivres.ma\/index.php?rest_route=%2Fwp%2Fv2%2Fproduct_tag&post=12434"}],"curies":[{"name":"wp","href":"https:\/\/api.w.org\/{rel}","templated":true}]}}