{"id":12431,"date":"2023-09-08T15:41:19","date_gmt":"2023-09-08T14:41:19","guid":{"rendered":"https:\/\/baralivres.ma\/?post_type=product&#038;p=12431"},"modified":"2023-11-08T09:44:52","modified_gmt":"2023-11-08T08:44:52","slug":"naruto-tome-39","status":"publish","type":"product","link":"https:\/\/baralivres.ma\/?product=naruto-tome-39","title":{"rendered":"Naruto Tome 39"},"content":{"rendered":"<p>Pour parvenir \u00e0 ses fins, Sasuke n&rsquo;h\u00e9site pas \u00e0 enr\u00f4ler dans son unit\u00e9 J\u00fbgo, le porteur naturel de la marque maudite ! Mais Konoha et Akatsuki, qui suivent de pr\u00e8s les manoeuvres du jeune ren\u00e9gat, renforcent leur dispositif de d\u00e9fense. Naruto se met en marche \u00e0 la t\u00eate d&rsquo;une nouvelle unit\u00e9 charg\u00e9e de localiser Itachi, la cible de Sasuke !!<\/p>\n","protected":false},"excerpt":{"rendered":"<p>Pour parvenir \u00e0 ses fins, Sasuke n&rsquo;h\u00e9site pas \u00e0 enr\u00f4ler dans son unit\u00e9 J\u00fbgo, le porteur naturel de la marque maudite ! Mais Konoha et Akatsuki, qui suivent de pr\u00e8s les manoeuvres du jeune ren\u00e9gat, renforcent leur dispositif de d\u00e9fense. Naruto se met en marche \u00e0 la t\u00eate d&rsquo;une nouvelle unit\u00e9 charg\u00e9e de localiser Itachi, la cible de Sasuke !!<\/p>\n","protected":false},"featured_media":12432,"comment_status":"open","ping_status":"closed","template":"","meta":{"inline_featured_image":false},"product_cat":[203,204,205],"product_tag":[],"class_list":{"0":"post-12431","1":"product","2":"type-product","3":"status-publish","4":"has-post-thumbnail","6":"product_cat-adolescente","7":"product_cat-francais","8":"product_cat-enfant-adolescente-francais","10":"first","11":"instock","12":"shipping-taxable","13":"purchasable","14":"product-type-simple"},"_links":{"self":[{"href":"https:\/\/baralivres.ma\/index.php?rest_route=\/wp\/v2\/product\/12431","targetHints":{"allow":["GET"]}}],"collection":[{"href":"https:\/\/baralivres.ma\/index.php?rest_route=\/wp\/v2\/product"}],"about":[{"href":"https:\/\/baralivres.ma\/index.php?rest_route=\/wp\/v2\/types\/product"}],"replies":[{"embeddable":true,"href":"https:\/\/baralivres.ma\/index.php?rest_route=%2Fwp%2Fv2%2Fcomments&post=12431"}],"version-history":[{"count":1,"href":"https:\/\/baralivres.ma\/index.php?rest_route=\/wp\/v2\/product\/12431\/revisions"}],"predecessor-version":[{"id":12433,"href":"https:\/\/baralivres.ma\/index.php?rest_route=\/wp\/v2\/product\/12431\/revisions\/12433"}],"wp:featuredmedia":[{"embeddable":true,"href":"https:\/\/baralivres.ma\/index.php?rest_route=\/wp\/v2\/media\/12432"}],"wp:attachment":[{"href":"https:\/\/baralivres.ma\/index.php?rest_route=%2Fwp%2Fv2%2Fmedia&parent=12431"}],"wp:term":[{"taxonomy":"product_cat","embeddable":true,"href":"https:\/\/baralivres.ma\/index.php?rest_route=%2Fwp%2Fv2%2Fproduct_cat&post=12431"},{"taxonomy":"product_tag","embeddable":true,"href":"https:\/\/baralivres.ma\/index.php?rest_route=%2Fwp%2Fv2%2Fproduct_tag&post=12431"}],"curies":[{"name":"wp","href":"https:\/\/api.w.org\/{rel}","templated":true}]}}