{"id":12428,"date":"2023-09-08T15:39:56","date_gmt":"2023-09-08T14:39:56","guid":{"rendered":"https:\/\/baralivres.ma\/?post_type=product&#038;p=12428"},"modified":"2023-11-08T09:45:04","modified_gmt":"2023-11-08T08:45:04","slug":"naruto-tome-40","status":"publish","type":"product","link":"https:\/\/baralivres.ma\/?product=naruto-tome-40","title":{"rendered":"Naruto Tome 40"},"content":{"rendered":"<p>R\u00e9cemment, un grand fabricant de mod\u00e8les r\u00e9duits a commercialis\u00e9 des petites voitures style r\u00e9tro hyper bien faites ! C&rsquo;est absolument g\u00e9nial ! Les hits sont bien entendu le Hornet buggy-type et la Mighty Frog. O nobles dirigeants de Tamiya, entendez mon cri du c\u0153ur et daignez produire la Pagero de ma jeunesse !<\/p>\n","protected":false},"excerpt":{"rendered":"<p>R\u00e9cemment, un grand fabricant de mod\u00e8les r\u00e9duits a commercialis\u00e9 des petites voitures style r\u00e9tro hyper bien faites ! C&rsquo;est absolument g\u00e9nial ! Les hits sont bien entendu le Hornet buggy-type et la Mighty Frog. O nobles dirigeants de Tamiya, entendez mon cri du c\u0153ur et daignez produire la Pagero de ma jeunesse !<\/p>\n","protected":false},"featured_media":12429,"comment_status":"open","ping_status":"closed","template":"","meta":{"inline_featured_image":false},"product_cat":[203,204,205],"product_tag":[],"class_list":{"0":"post-12428","1":"product","2":"type-product","3":"status-publish","4":"has-post-thumbnail","6":"product_cat-adolescente","7":"product_cat-francais","8":"product_cat-enfant-adolescente-francais","10":"first","11":"instock","12":"shipping-taxable","13":"purchasable","14":"product-type-simple"},"_links":{"self":[{"href":"https:\/\/baralivres.ma\/index.php?rest_route=\/wp\/v2\/product\/12428","targetHints":{"allow":["GET"]}}],"collection":[{"href":"https:\/\/baralivres.ma\/index.php?rest_route=\/wp\/v2\/product"}],"about":[{"href":"https:\/\/baralivres.ma\/index.php?rest_route=\/wp\/v2\/types\/product"}],"replies":[{"embeddable":true,"href":"https:\/\/baralivres.ma\/index.php?rest_route=%2Fwp%2Fv2%2Fcomments&post=12428"}],"version-history":[{"count":1,"href":"https:\/\/baralivres.ma\/index.php?rest_route=\/wp\/v2\/product\/12428\/revisions"}],"predecessor-version":[{"id":12430,"href":"https:\/\/baralivres.ma\/index.php?rest_route=\/wp\/v2\/product\/12428\/revisions\/12430"}],"wp:featuredmedia":[{"embeddable":true,"href":"https:\/\/baralivres.ma\/index.php?rest_route=\/wp\/v2\/media\/12429"}],"wp:attachment":[{"href":"https:\/\/baralivres.ma\/index.php?rest_route=%2Fwp%2Fv2%2Fmedia&parent=12428"}],"wp:term":[{"taxonomy":"product_cat","embeddable":true,"href":"https:\/\/baralivres.ma\/index.php?rest_route=%2Fwp%2Fv2%2Fproduct_cat&post=12428"},{"taxonomy":"product_tag","embeddable":true,"href":"https:\/\/baralivres.ma\/index.php?rest_route=%2Fwp%2Fv2%2Fproduct_tag&post=12428"}],"curies":[{"name":"wp","href":"https:\/\/api.w.org\/{rel}","templated":true}]}}