{"id":12425,"date":"2023-09-08T15:37:59","date_gmt":"2023-09-08T14:37:59","guid":{"rendered":"https:\/\/baralivres.ma\/?post_type=product&#038;p=12425"},"modified":"2023-11-08T09:45:16","modified_gmt":"2023-11-08T08:45:16","slug":"naruto-tome-41","status":"publish","type":"product","link":"https:\/\/baralivres.ma\/?product=naruto-tome-41","title":{"rendered":"Naruto Tome 41"},"content":{"rendered":"<div id=\"resume\" class=\"\n        fp-wide--block\n        fp-wide--block-resume                \"><\/p>\n<div class=\"content\">Pain et Konan, membres d&rsquo;Akatsuki, se lancent sur la piste de Jiraya qui s&rsquo;est infiltr\u00e9 dans le village cach\u00e9 de la Pluie ! On apprend alors que le myst\u00e9rieux Pain est en fait une vieille connaissance de Jiraya ! Mais quel est donc le lien qui le rattache au vieux ninja de Konoha ? Et de quels effroyables pouvoirs ce dieu autoproclam\u00e9 est-il dot\u00e9 ?<\/div>\n<\/div>\n<div id=\"specification\" class=\"\n        fp-wide--block\n        fp-wide--block-specification                \"><\/p>\n<div class=\"fp-wide--block--header\"><\/div>\n<\/div>\n","protected":false},"excerpt":{"rendered":"<div id=\"resume\" class=\"\n        fp-wide--block\n        fp-wide--block-resume                \"><\/p>\n<div class=\"content\">Pain et Konan, membres d&rsquo;Akatsuki, se lancent sur la piste de Jiraya qui s&rsquo;est infiltr\u00e9 dans le village cach\u00e9 de la Pluie ! On apprend alors que le myst\u00e9rieux Pain est en fait une vieille connaissance de Jiraya ! Mais quel est donc le lien qui le rattache au vieux ninja de Konoha ? Et de quels effroyables pouvoirs ce dieu autoproclam\u00e9 est-il dot\u00e9 ?<\/div>\n<\/div>\n<div id=\"specification\" class=\"\n        fp-wide--block\n        fp-wide--block-specification                \"><\/p>\n<div class=\"fp-wide--block--header\"><\/div>\n<\/div>\n","protected":false},"featured_media":12426,"comment_status":"open","ping_status":"closed","template":"","meta":{"inline_featured_image":false},"product_cat":[203,204,205],"product_tag":[],"class_list":{"0":"post-12425","1":"product","2":"type-product","3":"status-publish","4":"has-post-thumbnail","6":"product_cat-adolescente","7":"product_cat-francais","8":"product_cat-enfant-adolescente-francais","10":"first","11":"instock","12":"shipping-taxable","13":"purchasable","14":"product-type-simple"},"_links":{"self":[{"href":"https:\/\/baralivres.ma\/index.php?rest_route=\/wp\/v2\/product\/12425","targetHints":{"allow":["GET"]}}],"collection":[{"href":"https:\/\/baralivres.ma\/index.php?rest_route=\/wp\/v2\/product"}],"about":[{"href":"https:\/\/baralivres.ma\/index.php?rest_route=\/wp\/v2\/types\/product"}],"replies":[{"embeddable":true,"href":"https:\/\/baralivres.ma\/index.php?rest_route=%2Fwp%2Fv2%2Fcomments&post=12425"}],"version-history":[{"count":1,"href":"https:\/\/baralivres.ma\/index.php?rest_route=\/wp\/v2\/product\/12425\/revisions"}],"predecessor-version":[{"id":12427,"href":"https:\/\/baralivres.ma\/index.php?rest_route=\/wp\/v2\/product\/12425\/revisions\/12427"}],"wp:featuredmedia":[{"embeddable":true,"href":"https:\/\/baralivres.ma\/index.php?rest_route=\/wp\/v2\/media\/12426"}],"wp:attachment":[{"href":"https:\/\/baralivres.ma\/index.php?rest_route=%2Fwp%2Fv2%2Fmedia&parent=12425"}],"wp:term":[{"taxonomy":"product_cat","embeddable":true,"href":"https:\/\/baralivres.ma\/index.php?rest_route=%2Fwp%2Fv2%2Fproduct_cat&post=12425"},{"taxonomy":"product_tag","embeddable":true,"href":"https:\/\/baralivres.ma\/index.php?rest_route=%2Fwp%2Fv2%2Fproduct_tag&post=12425"}],"curies":[{"name":"wp","href":"https:\/\/api.w.org\/{rel}","templated":true}]}}