{"id":12422,"date":"2023-09-08T15:34:55","date_gmt":"2023-09-08T14:34:55","guid":{"rendered":"https:\/\/baralivres.ma\/?post_type=product&#038;p=12422"},"modified":"2023-11-08T09:45:26","modified_gmt":"2023-11-08T08:45:26","slug":"naruto-tome-42","status":"publish","type":"product","link":"https:\/\/baralivres.ma\/?product=naruto-tome-42","title":{"rendered":"Naruto Tome 42"},"content":{"rendered":"<div id=\"resume\" class=\" fp-wide--block fp-wide--block-resume \">\n<div class=\"content\">Le combat entre Jiraya et Pain se poursuit. Jiraya est sur le point de d\u00e9couvrir la v\u00e9ritable identit\u00e9 de son terrible adversaire qui, selon la proph\u00e9tie, serait l&rsquo;un de ses disciples. Mais lequel ? Nagato ? Yahiko ? Dans le m\u00eame temps, Sasuke a enfin retrouv\u00e9 Itachi. Une lutte fratricide et titanesque va s&rsquo;engager&#8230;<\/div>\n<\/div>\n<div id=\"specification\" class=\" fp-wide--block fp-wide--block-specification \">\n<div class=\"fp-wide--block--header\"><\/div>\n<\/div>\n","protected":false},"excerpt":{"rendered":"<div id=\"resume\" class=\" fp-wide--block fp-wide--block-resume \">\n<div class=\"content\">Le combat entre Jiraya et Pain se poursuit. Jiraya est sur le point de d\u00e9couvrir la v\u00e9ritable identit\u00e9 de son terrible adversaire qui, selon la proph\u00e9tie, serait l&rsquo;un de ses disciples. Mais lequel ? Nagato ? Yahiko ? Dans le m\u00eame temps, Sasuke a enfin retrouv\u00e9 Itachi. Une lutte fratricide et titanesque va s&rsquo;engager&#8230;<\/div>\n<\/div>\n<div id=\"specification\" class=\" fp-wide--block fp-wide--block-specification \">\n<div class=\"fp-wide--block--header\"><\/div>\n<\/div>\n","protected":false},"featured_media":12423,"comment_status":"open","ping_status":"closed","template":"","meta":{"inline_featured_image":false},"product_cat":[204],"product_tag":[],"class_list":{"0":"post-12422","1":"product","2":"type-product","3":"status-publish","4":"has-post-thumbnail","6":"product_cat-francais","8":"first","9":"instock","10":"shipping-taxable","11":"purchasable","12":"product-type-simple"},"_links":{"self":[{"href":"https:\/\/baralivres.ma\/index.php?rest_route=\/wp\/v2\/product\/12422","targetHints":{"allow":["GET"]}}],"collection":[{"href":"https:\/\/baralivres.ma\/index.php?rest_route=\/wp\/v2\/product"}],"about":[{"href":"https:\/\/baralivres.ma\/index.php?rest_route=\/wp\/v2\/types\/product"}],"replies":[{"embeddable":true,"href":"https:\/\/baralivres.ma\/index.php?rest_route=%2Fwp%2Fv2%2Fcomments&post=12422"}],"version-history":[{"count":2,"href":"https:\/\/baralivres.ma\/index.php?rest_route=\/wp\/v2\/product\/12422\/revisions"}],"predecessor-version":[{"id":18737,"href":"https:\/\/baralivres.ma\/index.php?rest_route=\/wp\/v2\/product\/12422\/revisions\/18737"}],"wp:featuredmedia":[{"embeddable":true,"href":"https:\/\/baralivres.ma\/index.php?rest_route=\/wp\/v2\/media\/12423"}],"wp:attachment":[{"href":"https:\/\/baralivres.ma\/index.php?rest_route=%2Fwp%2Fv2%2Fmedia&parent=12422"}],"wp:term":[{"taxonomy":"product_cat","embeddable":true,"href":"https:\/\/baralivres.ma\/index.php?rest_route=%2Fwp%2Fv2%2Fproduct_cat&post=12422"},{"taxonomy":"product_tag","embeddable":true,"href":"https:\/\/baralivres.ma\/index.php?rest_route=%2Fwp%2Fv2%2Fproduct_tag&post=12422"}],"curies":[{"name":"wp","href":"https:\/\/api.w.org\/{rel}","templated":true}]}}