{"id":12416,"date":"2023-09-08T15:31:19","date_gmt":"2023-09-08T14:31:19","guid":{"rendered":"https:\/\/baralivres.ma\/?post_type=product&#038;p=12416"},"modified":"2023-11-08T09:45:58","modified_gmt":"2023-11-08T08:45:58","slug":"naruto-tome-44","status":"publish","type":"product","link":"https:\/\/baralivres.ma\/?product=naruto-tome-44","title":{"rendered":"Naruto Tome 44"},"content":{"rendered":"<p>Un Ermite crapaud porte \u00e0 Konoha un message cod\u00e9 de Jiraya annon\u00e7ant qu&rsquo;il est tomb\u00e9 au combat. Naruto semble ne pas pouvoir accepter la mort du Ma\u00eetre. Pourtant, de nombreux d\u00e9fis attendent encore notre jeune h\u00e9ros et non des moindres !<\/p>\n","protected":false},"excerpt":{"rendered":"<p>Un Ermite crapaud porte \u00e0 Konoha un message cod\u00e9 de Jiraya annon\u00e7ant qu&rsquo;il est tomb\u00e9 au combat. Naruto semble ne pas pouvoir accepter la mort du Ma\u00eetre. Pourtant, de nombreux d\u00e9fis attendent encore notre jeune h\u00e9ros et non des moindres !<\/p>\n","protected":false},"featured_media":12417,"comment_status":"open","ping_status":"closed","template":"","meta":{"inline_featured_image":false},"product_cat":[203,204,205],"product_tag":[],"class_list":{"0":"post-12416","1":"product","2":"type-product","3":"status-publish","4":"has-post-thumbnail","6":"product_cat-adolescente","7":"product_cat-francais","8":"product_cat-enfant-adolescente-francais","10":"first","11":"instock","12":"shipping-taxable","13":"purchasable","14":"product-type-simple"},"_links":{"self":[{"href":"https:\/\/baralivres.ma\/index.php?rest_route=\/wp\/v2\/product\/12416","targetHints":{"allow":["GET"]}}],"collection":[{"href":"https:\/\/baralivres.ma\/index.php?rest_route=\/wp\/v2\/product"}],"about":[{"href":"https:\/\/baralivres.ma\/index.php?rest_route=\/wp\/v2\/types\/product"}],"replies":[{"embeddable":true,"href":"https:\/\/baralivres.ma\/index.php?rest_route=%2Fwp%2Fv2%2Fcomments&post=12416"}],"version-history":[{"count":1,"href":"https:\/\/baralivres.ma\/index.php?rest_route=\/wp\/v2\/product\/12416\/revisions"}],"predecessor-version":[{"id":12418,"href":"https:\/\/baralivres.ma\/index.php?rest_route=\/wp\/v2\/product\/12416\/revisions\/12418"}],"wp:featuredmedia":[{"embeddable":true,"href":"https:\/\/baralivres.ma\/index.php?rest_route=\/wp\/v2\/media\/12417"}],"wp:attachment":[{"href":"https:\/\/baralivres.ma\/index.php?rest_route=%2Fwp%2Fv2%2Fmedia&parent=12416"}],"wp:term":[{"taxonomy":"product_cat","embeddable":true,"href":"https:\/\/baralivres.ma\/index.php?rest_route=%2Fwp%2Fv2%2Fproduct_cat&post=12416"},{"taxonomy":"product_tag","embeddable":true,"href":"https:\/\/baralivres.ma\/index.php?rest_route=%2Fwp%2Fv2%2Fproduct_tag&post=12416"}],"curies":[{"name":"wp","href":"https:\/\/api.w.org\/{rel}","templated":true}]}}