{"id":12408,"date":"2023-09-08T15:25:25","date_gmt":"2023-09-08T14:25:25","guid":{"rendered":"https:\/\/baralivres.ma\/?post_type=product&#038;p=12408"},"modified":"2023-11-08T09:46:38","modified_gmt":"2023-11-08T08:46:38","slug":"naruto-tome-46","status":"publish","type":"product","link":"https:\/\/baralivres.ma\/?product=naruto-tome-46","title":{"rendered":"Naruto Tome 46"},"content":{"rendered":"<p>Les Pain sont au village \u00e0 la recherche de Naruto. Les shinobis de Konoha ont bien du mal \u00e0 faire face. Kakashi devra livrer un combat sans merci contre eux afin de d\u00e9fendre le village !<\/p>\n","protected":false},"excerpt":{"rendered":"<p>Les Pain sont au village \u00e0 la recherche de Naruto. Les shinobis de Konoha ont bien du mal \u00e0 faire face. Kakashi devra livrer un combat sans merci contre eux afin de d\u00e9fendre le village !<\/p>\n","protected":false},"featured_media":12409,"comment_status":"open","ping_status":"closed","template":"","meta":{"inline_featured_image":false},"product_cat":[203,204,205],"product_tag":[],"class_list":{"0":"post-12408","1":"product","2":"type-product","3":"status-publish","4":"has-post-thumbnail","6":"product_cat-adolescente","7":"product_cat-francais","8":"product_cat-enfant-adolescente-francais","10":"first","11":"instock","12":"shipping-taxable","13":"purchasable","14":"product-type-simple"},"_links":{"self":[{"href":"https:\/\/baralivres.ma\/index.php?rest_route=\/wp\/v2\/product\/12408","targetHints":{"allow":["GET"]}}],"collection":[{"href":"https:\/\/baralivres.ma\/index.php?rest_route=\/wp\/v2\/product"}],"about":[{"href":"https:\/\/baralivres.ma\/index.php?rest_route=\/wp\/v2\/types\/product"}],"replies":[{"embeddable":true,"href":"https:\/\/baralivres.ma\/index.php?rest_route=%2Fwp%2Fv2%2Fcomments&post=12408"}],"version-history":[{"count":1,"href":"https:\/\/baralivres.ma\/index.php?rest_route=\/wp\/v2\/product\/12408\/revisions"}],"predecessor-version":[{"id":12410,"href":"https:\/\/baralivres.ma\/index.php?rest_route=\/wp\/v2\/product\/12408\/revisions\/12410"}],"wp:featuredmedia":[{"embeddable":true,"href":"https:\/\/baralivres.ma\/index.php?rest_route=\/wp\/v2\/media\/12409"}],"wp:attachment":[{"href":"https:\/\/baralivres.ma\/index.php?rest_route=%2Fwp%2Fv2%2Fmedia&parent=12408"}],"wp:term":[{"taxonomy":"product_cat","embeddable":true,"href":"https:\/\/baralivres.ma\/index.php?rest_route=%2Fwp%2Fv2%2Fproduct_cat&post=12408"},{"taxonomy":"product_tag","embeddable":true,"href":"https:\/\/baralivres.ma\/index.php?rest_route=%2Fwp%2Fv2%2Fproduct_tag&post=12408"}],"curies":[{"name":"wp","href":"https:\/\/api.w.org\/{rel}","templated":true}]}}