{"id":12405,"date":"2023-09-08T15:23:43","date_gmt":"2023-09-08T14:23:43","guid":{"rendered":"https:\/\/baralivres.ma\/?post_type=product&#038;p=12405"},"modified":"2023-11-08T09:46:52","modified_gmt":"2023-11-08T08:46:52","slug":"naruto-tome-47","status":"publish","type":"product","link":"https:\/\/baralivres.ma\/?product=naruto-tome-47","title":{"rendered":"Naruto Tome 47"},"content":{"rendered":"<div id=\"resume\" class=\"\n        fp-wide--block\n        fp-wide--block-resume                \"><\/p>\n<div class=\"content\">Naruto contre-attaque en mode ermite avec rage et d\u00e9termination, et l&rsquo;ennemi semble plier sous ses coups. Mais la puissance de Pain para\u00eet infinie&#8230; Pour briser les cha\u00eenes de la haine, Pain veut imposer au monde sa propre justice ! Quelle sera la r\u00e9ponse de Naruto ?<\/div>\n<\/div>\n<div id=\"specification\" class=\"\n        fp-wide--block\n        fp-wide--block-specification                \"><\/p>\n<div class=\"fp-wide--block--header\"><\/div>\n<\/div>\n","protected":false},"excerpt":{"rendered":"<div id=\"resume\" class=\"\n        fp-wide--block\n        fp-wide--block-resume                \"><\/p>\n<div class=\"content\">Naruto contre-attaque en mode ermite avec rage et d\u00e9termination, et l&rsquo;ennemi semble plier sous ses coups. Mais la puissance de Pain para\u00eet infinie&#8230; Pour briser les cha\u00eenes de la haine, Pain veut imposer au monde sa propre justice ! Quelle sera la r\u00e9ponse de Naruto ?<\/div>\n<\/div>\n<div id=\"specification\" class=\"\n        fp-wide--block\n        fp-wide--block-specification                \"><\/p>\n<div class=\"fp-wide--block--header\"><\/div>\n<\/div>\n","protected":false},"featured_media":12406,"comment_status":"open","ping_status":"closed","template":"","meta":{"inline_featured_image":false},"product_cat":[203,204,205],"product_tag":[],"class_list":{"0":"post-12405","1":"product","2":"type-product","3":"status-publish","4":"has-post-thumbnail","6":"product_cat-adolescente","7":"product_cat-francais","8":"product_cat-enfant-adolescente-francais","10":"first","11":"instock","12":"shipping-taxable","13":"purchasable","14":"product-type-simple"},"_links":{"self":[{"href":"https:\/\/baralivres.ma\/index.php?rest_route=\/wp\/v2\/product\/12405","targetHints":{"allow":["GET"]}}],"collection":[{"href":"https:\/\/baralivres.ma\/index.php?rest_route=\/wp\/v2\/product"}],"about":[{"href":"https:\/\/baralivres.ma\/index.php?rest_route=\/wp\/v2\/types\/product"}],"replies":[{"embeddable":true,"href":"https:\/\/baralivres.ma\/index.php?rest_route=%2Fwp%2Fv2%2Fcomments&post=12405"}],"version-history":[{"count":1,"href":"https:\/\/baralivres.ma\/index.php?rest_route=\/wp\/v2\/product\/12405\/revisions"}],"predecessor-version":[{"id":12407,"href":"https:\/\/baralivres.ma\/index.php?rest_route=\/wp\/v2\/product\/12405\/revisions\/12407"}],"wp:featuredmedia":[{"embeddable":true,"href":"https:\/\/baralivres.ma\/index.php?rest_route=\/wp\/v2\/media\/12406"}],"wp:attachment":[{"href":"https:\/\/baralivres.ma\/index.php?rest_route=%2Fwp%2Fv2%2Fmedia&parent=12405"}],"wp:term":[{"taxonomy":"product_cat","embeddable":true,"href":"https:\/\/baralivres.ma\/index.php?rest_route=%2Fwp%2Fv2%2Fproduct_cat&post=12405"},{"taxonomy":"product_tag","embeddable":true,"href":"https:\/\/baralivres.ma\/index.php?rest_route=%2Fwp%2Fv2%2Fproduct_tag&post=12405"}],"curies":[{"name":"wp","href":"https:\/\/api.w.org\/{rel}","templated":true}]}}