{"id":12402,"date":"2023-09-08T15:21:48","date_gmt":"2023-09-08T14:21:48","guid":{"rendered":"https:\/\/baralivres.ma\/?post_type=product&#038;p=12402"},"modified":"2023-11-08T09:47:03","modified_gmt":"2023-11-08T08:47:03","slug":"naruto-tome-48","status":"publish","type":"product","link":"https:\/\/baralivres.ma\/?product=naruto-tome-48","title":{"rendered":"Naruto Tome 48"},"content":{"rendered":"<p>Apr\u00e8s un combat acharn\u00e9, Naruto arrive \u00e0 terrasser les Pain. Mais il reste l&rsquo;original, celui qui menace le village et veut d\u00e9truire le syst\u00e8me des shinobis&#8230; Naruto d\u00e9cide d&rsquo;aller l&rsquo;affronter seul ! Sortira-t-il vainqueur de ce dernier combat ?<\/p>\n","protected":false},"excerpt":{"rendered":"<p>Apr\u00e8s un combat acharn\u00e9, Naruto arrive \u00e0 terrasser les Pain. Mais il reste l&rsquo;original, celui qui menace le village et veut d\u00e9truire le syst\u00e8me des shinobis&#8230; Naruto d\u00e9cide d&rsquo;aller l&rsquo;affronter seul ! Sortira-t-il vainqueur de ce dernier combat ?<\/p>\n","protected":false},"featured_media":12403,"comment_status":"open","ping_status":"closed","template":"","meta":{"inline_featured_image":false},"product_cat":[203,204,205],"product_tag":[],"class_list":{"0":"post-12402","1":"product","2":"type-product","3":"status-publish","4":"has-post-thumbnail","6":"product_cat-adolescente","7":"product_cat-francais","8":"product_cat-enfant-adolescente-francais","10":"first","11":"instock","12":"shipping-taxable","13":"purchasable","14":"product-type-simple"},"_links":{"self":[{"href":"https:\/\/baralivres.ma\/index.php?rest_route=\/wp\/v2\/product\/12402","targetHints":{"allow":["GET"]}}],"collection":[{"href":"https:\/\/baralivres.ma\/index.php?rest_route=\/wp\/v2\/product"}],"about":[{"href":"https:\/\/baralivres.ma\/index.php?rest_route=\/wp\/v2\/types\/product"}],"replies":[{"embeddable":true,"href":"https:\/\/baralivres.ma\/index.php?rest_route=%2Fwp%2Fv2%2Fcomments&post=12402"}],"version-history":[{"count":1,"href":"https:\/\/baralivres.ma\/index.php?rest_route=\/wp\/v2\/product\/12402\/revisions"}],"predecessor-version":[{"id":12404,"href":"https:\/\/baralivres.ma\/index.php?rest_route=\/wp\/v2\/product\/12402\/revisions\/12404"}],"wp:featuredmedia":[{"embeddable":true,"href":"https:\/\/baralivres.ma\/index.php?rest_route=\/wp\/v2\/media\/12403"}],"wp:attachment":[{"href":"https:\/\/baralivres.ma\/index.php?rest_route=%2Fwp%2Fv2%2Fmedia&parent=12402"}],"wp:term":[{"taxonomy":"product_cat","embeddable":true,"href":"https:\/\/baralivres.ma\/index.php?rest_route=%2Fwp%2Fv2%2Fproduct_cat&post=12402"},{"taxonomy":"product_tag","embeddable":true,"href":"https:\/\/baralivres.ma\/index.php?rest_route=%2Fwp%2Fv2%2Fproduct_tag&post=12402"}],"curies":[{"name":"wp","href":"https:\/\/api.w.org\/{rel}","templated":true}]}}