{"id":12399,"date":"2023-09-07T18:14:33","date_gmt":"2023-09-07T17:14:33","guid":{"rendered":"https:\/\/baralivres.ma\/?post_type=product&#038;p=12399"},"modified":"2024-03-29T14:58:56","modified_gmt":"2024-03-29T13:58:56","slug":"naruto-tome-20","status":"publish","type":"product","link":"https:\/\/baralivres.ma\/?product=naruto-tome-20","title":{"rendered":"Naruto Tome 20"},"content":{"rendered":"<p>Alors que l&rsquo;on pr\u00e9pare la c\u00e9l\u00e9bration de l&rsquo;av\u00e8nement du 5e Hokage, Tsunade, elle, retrouve Konoha, son village. Ses techniques de gu\u00e9rison employ\u00e9es sur Sasuke ne tardent pas faire reculer le mal. Mais stupeur ! A peine remis, celui-ci provoque Naruto en combat singulier !! Les deux ninjas vont-ils r\u00e9ellement s&rsquo;affronter ?<\/p>\n","protected":false},"excerpt":{"rendered":"<p>Alors que l&rsquo;on pr\u00e9pare la c\u00e9l\u00e9bration de l&rsquo;av\u00e8nement du 5e Hokage, Tsunade, elle, retrouve Konoha, son village. Ses techniques de gu\u00e9rison employ\u00e9es sur Sasuke ne tardent pas faire reculer le mal.<\/p>\n","protected":false},"featured_media":12400,"comment_status":"open","ping_status":"closed","template":"","meta":{"inline_featured_image":false},"product_cat":[203,204,205,3680],"product_tag":[],"class_list":{"0":"post-12399","1":"product","2":"type-product","3":"status-publish","4":"has-post-thumbnail","6":"product_cat-adolescente","7":"product_cat-francais","8":"product_cat-enfant-adolescente-francais","9":"product_cat-naruto","11":"first","12":"instock","13":"shipping-taxable","14":"purchasable","15":"product-type-simple"},"_links":{"self":[{"href":"https:\/\/baralivres.ma\/index.php?rest_route=\/wp\/v2\/product\/12399","targetHints":{"allow":["GET"]}}],"collection":[{"href":"https:\/\/baralivres.ma\/index.php?rest_route=\/wp\/v2\/product"}],"about":[{"href":"https:\/\/baralivres.ma\/index.php?rest_route=\/wp\/v2\/types\/product"}],"replies":[{"embeddable":true,"href":"https:\/\/baralivres.ma\/index.php?rest_route=%2Fwp%2Fv2%2Fcomments&post=12399"}],"version-history":[{"count":1,"href":"https:\/\/baralivres.ma\/index.php?rest_route=\/wp\/v2\/product\/12399\/revisions"}],"predecessor-version":[{"id":12401,"href":"https:\/\/baralivres.ma\/index.php?rest_route=\/wp\/v2\/product\/12399\/revisions\/12401"}],"wp:featuredmedia":[{"embeddable":true,"href":"https:\/\/baralivres.ma\/index.php?rest_route=\/wp\/v2\/media\/12400"}],"wp:attachment":[{"href":"https:\/\/baralivres.ma\/index.php?rest_route=%2Fwp%2Fv2%2Fmedia&parent=12399"}],"wp:term":[{"taxonomy":"product_cat","embeddable":true,"href":"https:\/\/baralivres.ma\/index.php?rest_route=%2Fwp%2Fv2%2Fproduct_cat&post=12399"},{"taxonomy":"product_tag","embeddable":true,"href":"https:\/\/baralivres.ma\/index.php?rest_route=%2Fwp%2Fv2%2Fproduct_tag&post=12399"}],"curies":[{"name":"wp","href":"https:\/\/api.w.org\/{rel}","templated":true}]}}