{"id":12396,"date":"2023-09-07T18:07:24","date_gmt":"2023-09-07T17:07:24","guid":{"rendered":"https:\/\/baralivres.ma\/?post_type=product&#038;p=12396"},"modified":"2024-03-29T15:05:01","modified_gmt":"2024-03-29T14:05:01","slug":"naruto-tome-10","status":"publish","type":"product","link":"https:\/\/baralivres.ma\/?product=naruto-tome-10","title":{"rendered":"Naruto Tome 10"},"content":{"rendered":"<p>R\u00e9sum\u00e9 des \u00e9pisodes pr\u00e9c\u00e9dents : En compagnie de Sasuke et de Sakura, Maruto, le pire garnement de l&rsquo;\u00e9cole des ninjas du village cach\u00e9 de Konona, poursuit son apprentissage&#8230; Kakasni les invite \u00e0 passer l&rsquo;examen de s\u00e9lection des ninjas de \u00ab\u00a0moyenne classe\u00a0\u00bb. Sur les lieux de la deuxi\u00e8me \u00e9preuve, \u00ab\u00a0la for\u00eat de la mort\u00a0\u00bb. Ils se font attaquer par un myst\u00e9rieux ninja nomm\u00e9 Orocnimaru, qui d\u00e9pose une marque mal\u00e9fique sur le corps de Sasuke avant de dispara\u00eetre.<br \/>\nNaruto et ses compagnons font partie des 7 \u00e9quipes qui passent le tour. Bless\u00e9, Kabuto se retire. Un tour pr\u00e9liminaire, qui consiste en une s\u00e9rie de 20 combats individuels, est organis\u00e9 avant la troisi\u00e8me \u00e9preuve&#8230; Les 8 premiers affrontements ont d\u00e9j\u00e0 eu lieu. Les vainqueurs sont Sasuke, Snino, Kankuro, Temari, Snikamaru, Naruto et Neji. Le combat entre Lee et Gaara est sur le point de d\u00e9buter&#8230;<\/p>\n","protected":false},"excerpt":{"rendered":"<p>R\u00e9sum\u00e9 des \u00e9pisodes pr\u00e9c\u00e9dents : En compagnie de Sasuke et de Sakura, Maruto, le pire garnement de l&rsquo;\u00e9cole des ninjas du village cach\u00e9 de Konona, poursuit son apprentissage&#8230; Kakasni les invite \u00e0 passer l&rsquo;examen de s\u00e9lection des ninjas de \u00ab\u00a0moyenne classe\u00a0\u00bb.<\/p>\n","protected":false},"featured_media":12397,"comment_status":"open","ping_status":"closed","template":"","meta":{"inline_featured_image":false},"product_cat":[203,204,205,3680],"product_tag":[],"class_list":{"0":"post-12396","1":"product","2":"type-product","3":"status-publish","4":"has-post-thumbnail","6":"product_cat-adolescente","7":"product_cat-francais","8":"product_cat-enfant-adolescente-francais","9":"product_cat-naruto","11":"first","12":"instock","13":"shipping-taxable","14":"purchasable","15":"product-type-simple"},"_links":{"self":[{"href":"https:\/\/baralivres.ma\/index.php?rest_route=\/wp\/v2\/product\/12396","targetHints":{"allow":["GET"]}}],"collection":[{"href":"https:\/\/baralivres.ma\/index.php?rest_route=\/wp\/v2\/product"}],"about":[{"href":"https:\/\/baralivres.ma\/index.php?rest_route=\/wp\/v2\/types\/product"}],"replies":[{"embeddable":true,"href":"https:\/\/baralivres.ma\/index.php?rest_route=%2Fwp%2Fv2%2Fcomments&post=12396"}],"version-history":[{"count":1,"href":"https:\/\/baralivres.ma\/index.php?rest_route=\/wp\/v2\/product\/12396\/revisions"}],"predecessor-version":[{"id":12398,"href":"https:\/\/baralivres.ma\/index.php?rest_route=\/wp\/v2\/product\/12396\/revisions\/12398"}],"wp:featuredmedia":[{"embeddable":true,"href":"https:\/\/baralivres.ma\/index.php?rest_route=\/wp\/v2\/media\/12397"}],"wp:attachment":[{"href":"https:\/\/baralivres.ma\/index.php?rest_route=%2Fwp%2Fv2%2Fmedia&parent=12396"}],"wp:term":[{"taxonomy":"product_cat","embeddable":true,"href":"https:\/\/baralivres.ma\/index.php?rest_route=%2Fwp%2Fv2%2Fproduct_cat&post=12396"},{"taxonomy":"product_tag","embeddable":true,"href":"https:\/\/baralivres.ma\/index.php?rest_route=%2Fwp%2Fv2%2Fproduct_tag&post=12396"}],"curies":[{"name":"wp","href":"https:\/\/api.w.org\/{rel}","templated":true}]}}