{"id":12392,"date":"2023-09-07T18:03:38","date_gmt":"2023-09-07T17:03:38","guid":{"rendered":"https:\/\/baralivres.ma\/?post_type=product&#038;p=12392"},"modified":"2024-03-29T15:05:04","modified_gmt":"2024-03-29T14:05:04","slug":"naruto-tome-19","status":"publish","type":"product","link":"https:\/\/baralivres.ma\/?product=naruto-tome-19","title":{"rendered":"Naruto Tome 19"},"content":{"rendered":"<div id=\"bookDescription_feature_div\" class=\"celwidget\" data-feature-name=\"bookDescription\" data-csa-c-type=\"widget\" data-csa-c-content-id=\"bookDescription\" data-csa-c-slot-id=\"bookDescription_feature_div\" data-csa-c-asin=\"2871298165\" data-csa-c-is-in-initial-active-row=\"false\" data-csa-c-id=\"2oyraw-xah0v2-qvnm0s-3m7hv8\" data-cel-widget=\"bookDescription_feature_div\">\n<div class=\"a-expander-collapsed-height a-row a-expander-container a-spacing-base a-expander-partial-collapse-container\" data-a-expander-name=\"book_description_expander\" data-a-expander-collapsed-height=\"140\">\n<div class=\"a-expander-content a-expander-partial-collapse-content\" aria-expanded=\"false\">Pour sauver ceux qu&rsquo;il aime, Naruto, en tr\u00e8s mauvaise posture, porte une attaque d\u00e9vastatrice \u00e0 Gaara. Apr\u00e8s avoir atteint des sommets de violence, le combat \u00e0 mort entre Orochimaru et Hokage arrive \u00e0 son d\u00e9nouement. Alors que l&rsquo;assaut sur Konoha se termine, deux sinistres personnages s&rsquo;approchent du village des compagnons.<\/div>\n<\/div>\n<\/div>\n<div id=\"globalStoreInfoBullets_feature_div\" class=\"celwidget\" data-feature-name=\"globalStoreInfoBullets\" data-csa-c-type=\"widget\" data-csa-c-content-id=\"globalStoreInfoBullets\" data-csa-c-slot-id=\"globalStoreInfoBullets_feature_div\" data-csa-c-asin=\"2871298165\" data-csa-c-is-in-initial-active-row=\"false\" data-csa-c-id=\"nuijqp-7f5lkt-umzru-yc73r8\" data-cel-widget=\"globalStoreInfoBullets_feature_div\"><\/div>\n<div id=\"buyingOptionNostosBadge_feature_div\" class=\"celwidget\" data-feature-name=\"buyingOptionNostosBadge\" data-csa-c-type=\"widget\" data-csa-c-content-id=\"buyingOptionNostosBadge\" data-csa-c-slot-id=\"buyingOptionNostosBadge_feature_div\" data-csa-c-asin=\"2871298165\" data-csa-c-is-in-initial-active-row=\"false\" data-csa-c-id=\"gsrfjt-be5r8j-gkeqw5-mo9qpn\" data-cel-widget=\"buyingOptionNostosBadge_feature_div\"><\/div>\n<div id=\"edpIngress_feature_div\" class=\"celwidget\" data-feature-name=\"edpIngress\" data-csa-c-type=\"widget\" data-csa-c-content-id=\"edpIngress\" data-csa-c-slot-id=\"edpIngress_feature_div\" data-csa-c-asin=\"2871298165\" data-csa-c-is-in-initial-active-row=\"false\" data-csa-c-id=\"p13yw2-vg5iid-9thj3l-zfygme\" data-cel-widget=\"edpIngress_feature_div\"><\/div>\n<div id=\"richProductInformation_feature_div\" class=\"celwidget\" data-feature-name=\"richProductInformation\" data-csa-c-type=\"widget\" data-csa-c-content-id=\"richProductInformation\" data-csa-c-slot-id=\"richProductInformation_feature_div\" data-csa-c-asin=\"2871298165\" data-csa-c-is-in-initial-active-row=\"false\" data-csa-c-id=\"jb6iwk-h3gyz5-4c27zl-pn3kri\" data-cel-widget=\"richProductInformation_feature_div\">\n<div id=\"rich_product_information\" class=\"a-section a-spacing-none celwidget\" data-csa-c-id=\"23g88a-6hwryz-cuh43-6pbtnp\" data-cel-widget=\"rich_product_information\"><\/div>\n<\/div>\n","protected":false},"excerpt":{"rendered":"<p>\u00ab\u00a0C&rsquo;est l&rsquo;unique souvenir qui ne veut pas mourir.<\/p>\n","protected":false},"featured_media":12393,"comment_status":"open","ping_status":"closed","template":"","meta":{"inline_featured_image":false},"product_cat":[203,204,205,3680],"product_tag":[],"class_list":{"0":"post-12392","1":"product","2":"type-product","3":"status-publish","4":"has-post-thumbnail","6":"product_cat-adolescente","7":"product_cat-francais","8":"product_cat-enfant-adolescente-francais","9":"product_cat-naruto","11":"first","12":"instock","13":"shipping-taxable","14":"purchasable","15":"product-type-simple"},"_links":{"self":[{"href":"https:\/\/baralivres.ma\/index.php?rest_route=\/wp\/v2\/product\/12392","targetHints":{"allow":["GET"]}}],"collection":[{"href":"https:\/\/baralivres.ma\/index.php?rest_route=\/wp\/v2\/product"}],"about":[{"href":"https:\/\/baralivres.ma\/index.php?rest_route=\/wp\/v2\/types\/product"}],"replies":[{"embeddable":true,"href":"https:\/\/baralivres.ma\/index.php?rest_route=%2Fwp%2Fv2%2Fcomments&post=12392"}],"version-history":[{"count":1,"href":"https:\/\/baralivres.ma\/index.php?rest_route=\/wp\/v2\/product\/12392\/revisions"}],"predecessor-version":[{"id":12394,"href":"https:\/\/baralivres.ma\/index.php?rest_route=\/wp\/v2\/product\/12392\/revisions\/12394"}],"wp:featuredmedia":[{"embeddable":true,"href":"https:\/\/baralivres.ma\/index.php?rest_route=\/wp\/v2\/media\/12393"}],"wp:attachment":[{"href":"https:\/\/baralivres.ma\/index.php?rest_route=%2Fwp%2Fv2%2Fmedia&parent=12392"}],"wp:term":[{"taxonomy":"product_cat","embeddable":true,"href":"https:\/\/baralivres.ma\/index.php?rest_route=%2Fwp%2Fv2%2Fproduct_cat&post=12392"},{"taxonomy":"product_tag","embeddable":true,"href":"https:\/\/baralivres.ma\/index.php?rest_route=%2Fwp%2Fv2%2Fproduct_tag&post=12392"}],"curies":[{"name":"wp","href":"https:\/\/api.w.org\/{rel}","templated":true}]}}