{"id":12389,"date":"2023-09-07T17:59:42","date_gmt":"2023-09-07T16:59:42","guid":{"rendered":"https:\/\/baralivres.ma\/?post_type=product&#038;p=12389"},"modified":"2024-03-29T15:05:04","modified_gmt":"2024-03-29T14:05:04","slug":"naruto-tome-18","status":"publish","type":"product","link":"https:\/\/baralivres.ma\/?product=naruto-tome-18","title":{"rendered":"Naruto Tome 18"},"content":{"rendered":"<p>Les \u00e9difices de Tanzaku tremblent !! Tsunade devient d&#8217;embl\u00e9e tr\u00e8s agressive lorsque Orochimaru appara\u00eet devant elle ! Son ancien camarade lui propose un pacte mal\u00e9fique, afin qu&rsquo;elle lui rende l&rsquo;usage de ses bras. C&rsquo;est une Tsunade en proie \u00e0 la confusion que Jiraya et Naruto vont trouver !! Quel sera le choix de Tsunade ?<\/p>\n","protected":false},"excerpt":{"rendered":"<p>Les \u00e9difices de Tanzaku tremblent !! Tsunade devient d&#8217;embl\u00e9e tr\u00e8s agressive lorsque Orochimaru appara\u00eet devant elle ! Son ancien camarade lui propose un pacte mal\u00e9fique, afin qu&rsquo;elle lui rende l&rsquo;usage de ses bras.<\/p>\n","protected":false},"featured_media":12390,"comment_status":"open","ping_status":"closed","template":"","meta":{"inline_featured_image":false},"product_cat":[203,204,205,3680],"product_tag":[],"class_list":{"0":"post-12389","1":"product","2":"type-product","3":"status-publish","4":"has-post-thumbnail","6":"product_cat-adolescente","7":"product_cat-francais","8":"product_cat-enfant-adolescente-francais","9":"product_cat-naruto","11":"first","12":"instock","13":"shipping-taxable","14":"purchasable","15":"product-type-simple"},"_links":{"self":[{"href":"https:\/\/baralivres.ma\/index.php?rest_route=\/wp\/v2\/product\/12389","targetHints":{"allow":["GET"]}}],"collection":[{"href":"https:\/\/baralivres.ma\/index.php?rest_route=\/wp\/v2\/product"}],"about":[{"href":"https:\/\/baralivres.ma\/index.php?rest_route=\/wp\/v2\/types\/product"}],"replies":[{"embeddable":true,"href":"https:\/\/baralivres.ma\/index.php?rest_route=%2Fwp%2Fv2%2Fcomments&post=12389"}],"version-history":[{"count":1,"href":"https:\/\/baralivres.ma\/index.php?rest_route=\/wp\/v2\/product\/12389\/revisions"}],"predecessor-version":[{"id":12391,"href":"https:\/\/baralivres.ma\/index.php?rest_route=\/wp\/v2\/product\/12389\/revisions\/12391"}],"wp:featuredmedia":[{"embeddable":true,"href":"https:\/\/baralivres.ma\/index.php?rest_route=\/wp\/v2\/media\/12390"}],"wp:attachment":[{"href":"https:\/\/baralivres.ma\/index.php?rest_route=%2Fwp%2Fv2%2Fmedia&parent=12389"}],"wp:term":[{"taxonomy":"product_cat","embeddable":true,"href":"https:\/\/baralivres.ma\/index.php?rest_route=%2Fwp%2Fv2%2Fproduct_cat&post=12389"},{"taxonomy":"product_tag","embeddable":true,"href":"https:\/\/baralivres.ma\/index.php?rest_route=%2Fwp%2Fv2%2Fproduct_tag&post=12389"}],"curies":[{"name":"wp","href":"https:\/\/api.w.org\/{rel}","templated":true}]}}