{"id":12382,"date":"2023-09-07T17:53:37","date_gmt":"2023-09-07T16:53:37","guid":{"rendered":"https:\/\/baralivres.ma\/?post_type=product&#038;p=12382"},"modified":"2023-09-07T17:53:38","modified_gmt":"2023-09-07T16:53:38","slug":"naruto-tome-23","status":"publish","type":"product","link":"https:\/\/baralivres.ma\/?product=naruto-tome-23","title":{"rendered":"Naruto Tome 23"},"content":{"rendered":"<p>Alors que Naruto et ses compagnons croyaient enfin avoir r\u00e9cup\u00e9r\u00e9 le baquet dans lequel Sasuke est endormi, Kimimaro, un ennemi inconnu jusqu&rsquo;alors, surgit devant eux !! Trois combats fantastiques s&rsquo;engagent : Naruto contre Kimimaro, Shikamaru contre Tayuya, Kiba et Akamaru contre Sakon !! Ames sensibles s&rsquo;abstenir !!<\/p>\n","protected":false},"excerpt":{"rendered":"<p>Alors que Naruto et ses compagnons croyaient enfin avoir r\u00e9cup\u00e9r\u00e9 le baquet dans lequel Sasuke est endormi&#8230;<\/p>\n","protected":false},"featured_media":12383,"comment_status":"open","ping_status":"closed","template":"","meta":{"inline_featured_image":false},"product_cat":[203,204,205],"product_tag":[],"class_list":{"0":"post-12382","1":"product","2":"type-product","3":"status-publish","4":"has-post-thumbnail","6":"product_cat-adolescente","7":"product_cat-francais","8":"product_cat-enfant-adolescente-francais","10":"first","11":"instock","12":"shipping-taxable","13":"purchasable","14":"product-type-simple"},"_links":{"self":[{"href":"https:\/\/baralivres.ma\/index.php?rest_route=\/wp\/v2\/product\/12382","targetHints":{"allow":["GET"]}}],"collection":[{"href":"https:\/\/baralivres.ma\/index.php?rest_route=\/wp\/v2\/product"}],"about":[{"href":"https:\/\/baralivres.ma\/index.php?rest_route=\/wp\/v2\/types\/product"}],"replies":[{"embeddable":true,"href":"https:\/\/baralivres.ma\/index.php?rest_route=%2Fwp%2Fv2%2Fcomments&post=12382"}],"version-history":[{"count":1,"href":"https:\/\/baralivres.ma\/index.php?rest_route=\/wp\/v2\/product\/12382\/revisions"}],"predecessor-version":[{"id":12384,"href":"https:\/\/baralivres.ma\/index.php?rest_route=\/wp\/v2\/product\/12382\/revisions\/12384"}],"wp:featuredmedia":[{"embeddable":true,"href":"https:\/\/baralivres.ma\/index.php?rest_route=\/wp\/v2\/media\/12383"}],"wp:attachment":[{"href":"https:\/\/baralivres.ma\/index.php?rest_route=%2Fwp%2Fv2%2Fmedia&parent=12382"}],"wp:term":[{"taxonomy":"product_cat","embeddable":true,"href":"https:\/\/baralivres.ma\/index.php?rest_route=%2Fwp%2Fv2%2Fproduct_cat&post=12382"},{"taxonomy":"product_tag","embeddable":true,"href":"https:\/\/baralivres.ma\/index.php?rest_route=%2Fwp%2Fv2%2Fproduct_tag&post=12382"}],"curies":[{"name":"wp","href":"https:\/\/api.w.org\/{rel}","templated":true}]}}