{"id":12379,"date":"2023-09-07T17:50:47","date_gmt":"2023-09-07T16:50:47","guid":{"rendered":"https:\/\/baralivres.ma\/?post_type=product&#038;p=12379"},"modified":"2023-09-07T17:50:48","modified_gmt":"2023-09-07T16:50:48","slug":"naruto-tome-22","status":"publish","type":"product","link":"https:\/\/baralivres.ma\/?product=naruto-tome-22","title":{"rendered":"Naruto Tome 22"},"content":{"rendered":"<p>Bless\u00e9 dans son orgueil, Ch\u00f4ji triomphe de Jir\u00f4b\u00f4, mais s&rsquo;effondre \u00e0 l&rsquo;issue du combat&#8230; D\u00e9termin\u00e9s \u00e0 tuer chacun un ennemi, Shikamaru, Naruto, Neji et Kiba se dressent face aux ninjas d&rsquo;Oto ! Fort de son Byakugan, le descendant des Hy\u00fbga provoque Kidomaru, le combattant araign\u00e9e ! Un duel \u00e0 mort s&rsquo;engage&#8230;<\/p>\n","protected":false},"excerpt":{"rendered":"<p>Bless\u00e9 dans son orgueil, Ch\u00f4ji triomphe de Jir\u00f4b\u00f4, mais s&rsquo;effondre \u00e0 l&rsquo;issue du combat&#8230;<\/p>\n","protected":false},"featured_media":12380,"comment_status":"open","ping_status":"closed","template":"","meta":{"inline_featured_image":false},"product_cat":[203,204,205],"product_tag":[],"class_list":{"0":"post-12379","1":"product","2":"type-product","3":"status-publish","4":"has-post-thumbnail","6":"product_cat-adolescente","7":"product_cat-francais","8":"product_cat-enfant-adolescente-francais","10":"first","11":"instock","12":"shipping-taxable","13":"purchasable","14":"product-type-simple"},"_links":{"self":[{"href":"https:\/\/baralivres.ma\/index.php?rest_route=\/wp\/v2\/product\/12379","targetHints":{"allow":["GET"]}}],"collection":[{"href":"https:\/\/baralivres.ma\/index.php?rest_route=\/wp\/v2\/product"}],"about":[{"href":"https:\/\/baralivres.ma\/index.php?rest_route=\/wp\/v2\/types\/product"}],"replies":[{"embeddable":true,"href":"https:\/\/baralivres.ma\/index.php?rest_route=%2Fwp%2Fv2%2Fcomments&post=12379"}],"version-history":[{"count":1,"href":"https:\/\/baralivres.ma\/index.php?rest_route=\/wp\/v2\/product\/12379\/revisions"}],"predecessor-version":[{"id":12381,"href":"https:\/\/baralivres.ma\/index.php?rest_route=\/wp\/v2\/product\/12379\/revisions\/12381"}],"wp:featuredmedia":[{"embeddable":true,"href":"https:\/\/baralivres.ma\/index.php?rest_route=\/wp\/v2\/media\/12380"}],"wp:attachment":[{"href":"https:\/\/baralivres.ma\/index.php?rest_route=%2Fwp%2Fv2%2Fmedia&parent=12379"}],"wp:term":[{"taxonomy":"product_cat","embeddable":true,"href":"https:\/\/baralivres.ma\/index.php?rest_route=%2Fwp%2Fv2%2Fproduct_cat&post=12379"},{"taxonomy":"product_tag","embeddable":true,"href":"https:\/\/baralivres.ma\/index.php?rest_route=%2Fwp%2Fv2%2Fproduct_tag&post=12379"}],"curies":[{"name":"wp","href":"https:\/\/api.w.org\/{rel}","templated":true}]}}