{"id":12375,"date":"2023-09-07T17:43:01","date_gmt":"2023-09-07T16:43:01","guid":{"rendered":"https:\/\/baralivres.ma\/?post_type=product&#038;p=12375"},"modified":"2023-09-07T17:45:39","modified_gmt":"2023-09-07T16:45:39","slug":"naruto-tome-25","status":"publish","type":"product","link":"https:\/\/baralivres.ma\/?product=naruto-tome-25","title":{"rendered":"Naruto Tome 25"},"content":{"rendered":"<p>En qu\u00eate de puissance, Sasuke s&rsquo;abandonne \u00e0 Orochimaru ! Naruto tente de le ramener de force \u00e0 Konoha et c&rsquo;est l&rsquo;affrontement ! Pendant que les deux amis engagent un duel, l&rsquo;esprit de Sasuke est assailli par les violents souvenirs de son fr\u00e8re Itachi !<\/p>\n","protected":false},"excerpt":{"rendered":"<p>Alors que Naruto est aux prises avec Kimimaro dans un duel \u00e0 mort, le baquet qui contient Sasuke vole en \u00e9clats. Le jeune Uchiwa en surgit, tourne le dos \u00e0 Naruto et s&rsquo;enfuit. Par ailleurs la bataille contre les ninjas d&rsquo;Oto n&rsquo;est pas termin\u00e9e.<\/p>\n","protected":false},"featured_media":12378,"comment_status":"open","ping_status":"closed","template":"","meta":{"inline_featured_image":false},"product_cat":[203,204,205],"product_tag":[],"class_list":{"0":"post-12375","1":"product","2":"type-product","3":"status-publish","4":"has-post-thumbnail","6":"product_cat-adolescente","7":"product_cat-francais","8":"product_cat-enfant-adolescente-francais","10":"first","11":"instock","12":"shipping-taxable","13":"purchasable","14":"product-type-simple"},"_links":{"self":[{"href":"https:\/\/baralivres.ma\/index.php?rest_route=\/wp\/v2\/product\/12375","targetHints":{"allow":["GET"]}}],"collection":[{"href":"https:\/\/baralivres.ma\/index.php?rest_route=\/wp\/v2\/product"}],"about":[{"href":"https:\/\/baralivres.ma\/index.php?rest_route=\/wp\/v2\/types\/product"}],"replies":[{"embeddable":true,"href":"https:\/\/baralivres.ma\/index.php?rest_route=%2Fwp%2Fv2%2Fcomments&post=12375"}],"version-history":[{"count":1,"href":"https:\/\/baralivres.ma\/index.php?rest_route=\/wp\/v2\/product\/12375\/revisions"}],"predecessor-version":[{"id":12377,"href":"https:\/\/baralivres.ma\/index.php?rest_route=\/wp\/v2\/product\/12375\/revisions\/12377"}],"wp:featuredmedia":[{"embeddable":true,"href":"https:\/\/baralivres.ma\/index.php?rest_route=\/wp\/v2\/media\/12378"}],"wp:attachment":[{"href":"https:\/\/baralivres.ma\/index.php?rest_route=%2Fwp%2Fv2%2Fmedia&parent=12375"}],"wp:term":[{"taxonomy":"product_cat","embeddable":true,"href":"https:\/\/baralivres.ma\/index.php?rest_route=%2Fwp%2Fv2%2Fproduct_cat&post=12375"},{"taxonomy":"product_tag","embeddable":true,"href":"https:\/\/baralivres.ma\/index.php?rest_route=%2Fwp%2Fv2%2Fproduct_tag&post=12375"}],"curies":[{"name":"wp","href":"https:\/\/api.w.org\/{rel}","templated":true}]}}