{"id":12369,"date":"2023-09-07T17:37:03","date_gmt":"2023-09-07T16:37:03","guid":{"rendered":"https:\/\/baralivres.ma\/?post_type=product&#038;p=12369"},"modified":"2023-09-07T17:39:35","modified_gmt":"2023-09-07T16:39:35","slug":"naruto-tome-24","status":"publish","type":"product","link":"https:\/\/baralivres.ma\/?product=naruto-tome-24","title":{"rendered":"Naruto Tome 24"},"content":{"rendered":"<p>Alors que Naruto est aux prises avec Kimimaro dans un duel \u00e0 mort, le baquet qui contient Sasuke vole en \u00e9clats ! Le jeune Uchiwa en surgit, tourne le dos \u00e0 Naruto, et s&rsquo;enfuit. Est-il trop tard pour lui faire entendre raison ? D&rsquo;autant que la bataille contre les ninjas d&rsquo;Oto n&rsquo;est pas termin\u00e9e&#8230; A ce stade, qui sait \u00e0 quelles techniques les combattants vont encore recourir&#8230; Coups de th\u00e9\u00e2tre et palpitants retournements de situation en vue !<\/p>\n","protected":false},"excerpt":{"rendered":"<p>Alors que Naruto est aux prises avec Kimimaro dans un duel \u00e0 mort, le baquet qui contient Sasuke vole en \u00e9clats ! Le jeune Uchiwa en surgit, tourne le dos \u00e0 Naruto, et s&rsquo;enfuit.<\/p>\n","protected":false},"featured_media":12370,"comment_status":"open","ping_status":"closed","template":"","meta":{"inline_featured_image":false},"product_cat":[203,204,205],"product_tag":[],"class_list":{"0":"post-12369","1":"product","2":"type-product","3":"status-publish","4":"has-post-thumbnail","6":"product_cat-adolescente","7":"product_cat-francais","8":"product_cat-enfant-adolescente-francais","10":"first","11":"instock","12":"shipping-taxable","13":"purchasable","14":"product-type-simple"},"_links":{"self":[{"href":"https:\/\/baralivres.ma\/index.php?rest_route=\/wp\/v2\/product\/12369","targetHints":{"allow":["GET"]}}],"collection":[{"href":"https:\/\/baralivres.ma\/index.php?rest_route=\/wp\/v2\/product"}],"about":[{"href":"https:\/\/baralivres.ma\/index.php?rest_route=\/wp\/v2\/types\/product"}],"replies":[{"embeddable":true,"href":"https:\/\/baralivres.ma\/index.php?rest_route=%2Fwp%2Fv2%2Fcomments&post=12369"}],"version-history":[{"count":1,"href":"https:\/\/baralivres.ma\/index.php?rest_route=\/wp\/v2\/product\/12369\/revisions"}],"predecessor-version":[{"id":12371,"href":"https:\/\/baralivres.ma\/index.php?rest_route=\/wp\/v2\/product\/12369\/revisions\/12371"}],"wp:featuredmedia":[{"embeddable":true,"href":"https:\/\/baralivres.ma\/index.php?rest_route=\/wp\/v2\/media\/12370"}],"wp:attachment":[{"href":"https:\/\/baralivres.ma\/index.php?rest_route=%2Fwp%2Fv2%2Fmedia&parent=12369"}],"wp:term":[{"taxonomy":"product_cat","embeddable":true,"href":"https:\/\/baralivres.ma\/index.php?rest_route=%2Fwp%2Fv2%2Fproduct_cat&post=12369"},{"taxonomy":"product_tag","embeddable":true,"href":"https:\/\/baralivres.ma\/index.php?rest_route=%2Fwp%2Fv2%2Fproduct_tag&post=12369"}],"curies":[{"name":"wp","href":"https:\/\/api.w.org\/{rel}","templated":true}]}}