{"id":12359,"date":"2023-09-07T17:18:12","date_gmt":"2023-09-07T16:18:12","guid":{"rendered":"https:\/\/baralivres.ma\/?post_type=product&#038;p=12359"},"modified":"2024-03-29T15:07:40","modified_gmt":"2024-03-29T14:07:40","slug":"naruto-tome-9","status":"publish","type":"product","link":"https:\/\/baralivres.ma\/?product=naruto-tome-9","title":{"rendered":"Naruto Tome 9"},"content":{"rendered":"<p>Les s\u00e9lections pour la troisi\u00e8me \u00e9preuve de l&rsquo;examen se poursuivent. Les vingt meilleurs pr\u00e9tendants s&rsquo;affrontent dans un tournoi endiabl\u00e9! Sasuke, Shino et Kankur\u00f4 sont qualifi\u00e9s et le duel opposant Ino \u00e0 Sakura est \u00e0 son paroxysme ! A quand le tour de Naruto ? ! Une bataille terrifiante se pr\u00e9pare&#8230;<\/p>\n","protected":false},"excerpt":{"rendered":"<p>Les s\u00e9lections pour la troisi\u00e8me \u00e9preuve de l&rsquo;examen se poursuivent.<\/p>\n","protected":false},"featured_media":12360,"comment_status":"open","ping_status":"closed","template":"","meta":{"inline_featured_image":false},"product_cat":[203,204,205,3680],"product_tag":[],"class_list":{"0":"post-12359","1":"product","2":"type-product","3":"status-publish","4":"has-post-thumbnail","6":"product_cat-adolescente","7":"product_cat-francais","8":"product_cat-enfant-adolescente-francais","9":"product_cat-naruto","11":"first","12":"instock","13":"shipping-taxable","14":"purchasable","15":"product-type-simple"},"_links":{"self":[{"href":"https:\/\/baralivres.ma\/index.php?rest_route=\/wp\/v2\/product\/12359","targetHints":{"allow":["GET"]}}],"collection":[{"href":"https:\/\/baralivres.ma\/index.php?rest_route=\/wp\/v2\/product"}],"about":[{"href":"https:\/\/baralivres.ma\/index.php?rest_route=\/wp\/v2\/types\/product"}],"replies":[{"embeddable":true,"href":"https:\/\/baralivres.ma\/index.php?rest_route=%2Fwp%2Fv2%2Fcomments&post=12359"}],"version-history":[{"count":1,"href":"https:\/\/baralivres.ma\/index.php?rest_route=\/wp\/v2\/product\/12359\/revisions"}],"predecessor-version":[{"id":12361,"href":"https:\/\/baralivres.ma\/index.php?rest_route=\/wp\/v2\/product\/12359\/revisions\/12361"}],"wp:featuredmedia":[{"embeddable":true,"href":"https:\/\/baralivres.ma\/index.php?rest_route=\/wp\/v2\/media\/12360"}],"wp:attachment":[{"href":"https:\/\/baralivres.ma\/index.php?rest_route=%2Fwp%2Fv2%2Fmedia&parent=12359"}],"wp:term":[{"taxonomy":"product_cat","embeddable":true,"href":"https:\/\/baralivres.ma\/index.php?rest_route=%2Fwp%2Fv2%2Fproduct_cat&post=12359"},{"taxonomy":"product_tag","embeddable":true,"href":"https:\/\/baralivres.ma\/index.php?rest_route=%2Fwp%2Fv2%2Fproduct_tag&post=12359"}],"curies":[{"name":"wp","href":"https:\/\/api.w.org\/{rel}","templated":true}]}}