{"id":12353,"date":"2023-09-07T17:14:37","date_gmt":"2023-09-07T16:14:37","guid":{"rendered":"https:\/\/baralivres.ma\/?post_type=product&#038;p=12353"},"modified":"2024-03-29T15:07:40","modified_gmt":"2024-03-29T14:07:40","slug":"naruto-tome-8","status":"publish","type":"product","link":"https:\/\/baralivres.ma\/?product=naruto-tome-8","title":{"rendered":"Naruto Tome 8"},"content":{"rendered":"<p>Naruto, Sasuke et Sakura ont brillamment pass\u00e9 la deuxi\u00e8me \u00e9preuve et s&rsquo;appr\u00eatent maintenant \u00e0 entamer la troisi\u00e8me. Mais avant cela, il y aura une pr\u00e9-s\u00e9lection ! Kabuto vient de d\u00e9clarer forfait&#8230; 20 candidats, parmi les plus dou\u00e9s, vont s&rsquo;affronter dans une s\u00e9rie de duels au sommet !!<\/p>\n","protected":false},"excerpt":{"rendered":"<p>Naruto, Sasuke et Sakura ont brillamment pass\u00e9 la deuxi\u00e8me \u00e9preuve et s&rsquo;appr\u00eatent maintenant \u00e0 entamer la troisi\u00e8me.<\/p>\n","protected":false},"featured_media":12354,"comment_status":"open","ping_status":"closed","template":"","meta":{"inline_featured_image":false},"product_cat":[203,204,205,3680],"product_tag":[],"class_list":{"0":"post-12353","1":"product","2":"type-product","3":"status-publish","4":"has-post-thumbnail","6":"product_cat-adolescente","7":"product_cat-francais","8":"product_cat-enfant-adolescente-francais","9":"product_cat-naruto","11":"first","12":"instock","13":"shipping-taxable","14":"purchasable","15":"product-type-simple"},"_links":{"self":[{"href":"https:\/\/baralivres.ma\/index.php?rest_route=\/wp\/v2\/product\/12353","targetHints":{"allow":["GET"]}}],"collection":[{"href":"https:\/\/baralivres.ma\/index.php?rest_route=\/wp\/v2\/product"}],"about":[{"href":"https:\/\/baralivres.ma\/index.php?rest_route=\/wp\/v2\/types\/product"}],"replies":[{"embeddable":true,"href":"https:\/\/baralivres.ma\/index.php?rest_route=%2Fwp%2Fv2%2Fcomments&post=12353"}],"version-history":[{"count":1,"href":"https:\/\/baralivres.ma\/index.php?rest_route=\/wp\/v2\/product\/12353\/revisions"}],"predecessor-version":[{"id":12355,"href":"https:\/\/baralivres.ma\/index.php?rest_route=\/wp\/v2\/product\/12353\/revisions\/12355"}],"wp:featuredmedia":[{"embeddable":true,"href":"https:\/\/baralivres.ma\/index.php?rest_route=\/wp\/v2\/media\/12354"}],"wp:attachment":[{"href":"https:\/\/baralivres.ma\/index.php?rest_route=%2Fwp%2Fv2%2Fmedia&parent=12353"}],"wp:term":[{"taxonomy":"product_cat","embeddable":true,"href":"https:\/\/baralivres.ma\/index.php?rest_route=%2Fwp%2Fv2%2Fproduct_cat&post=12353"},{"taxonomy":"product_tag","embeddable":true,"href":"https:\/\/baralivres.ma\/index.php?rest_route=%2Fwp%2Fv2%2Fproduct_tag&post=12353"}],"curies":[{"name":"wp","href":"https:\/\/api.w.org\/{rel}","templated":true}]}}