{"id":12348,"date":"2023-09-07T17:11:53","date_gmt":"2023-09-07T16:11:53","guid":{"rendered":"https:\/\/baralivres.ma\/?post_type=product&#038;p=12348"},"modified":"2024-03-29T15:07:42","modified_gmt":"2024-03-29T14:07:42","slug":"naruto-tome-7","status":"publish","type":"product","link":"https:\/\/baralivres.ma\/?product=naruto-tome-7","title":{"rendered":"Naruto Tome 7"},"content":{"rendered":"<p>Sakura reste seule pour luttre contre les ninjas d&rsquo;Oto no Kuni. Elle d\u00e9cide alors de riposter avec toute la fureur du d\u00e9sespoir&#8230; Mais quelle est donc cette marque qu&rsquo;Orochimaru a appos\u00e9 sur Sasuke ? Quel effet va-t-elle produire lorsque celui-ci se r\u00e9veillera ?<\/p>\n","protected":false},"excerpt":{"rendered":"<p>Sakura reste seule pour luttre contre les ninjas d&rsquo;Oto no Kuni.<\/p>\n","protected":false},"featured_media":12349,"comment_status":"open","ping_status":"closed","template":"","meta":{"inline_featured_image":false},"product_cat":[203,204,205,3680],"product_tag":[],"class_list":{"0":"post-12348","1":"product","2":"type-product","3":"status-publish","4":"has-post-thumbnail","6":"product_cat-adolescente","7":"product_cat-francais","8":"product_cat-enfant-adolescente-francais","9":"product_cat-naruto","11":"first","12":"instock","13":"shipping-taxable","14":"purchasable","15":"product-type-simple"},"_links":{"self":[{"href":"https:\/\/baralivres.ma\/index.php?rest_route=\/wp\/v2\/product\/12348","targetHints":{"allow":["GET"]}}],"collection":[{"href":"https:\/\/baralivres.ma\/index.php?rest_route=\/wp\/v2\/product"}],"about":[{"href":"https:\/\/baralivres.ma\/index.php?rest_route=\/wp\/v2\/types\/product"}],"replies":[{"embeddable":true,"href":"https:\/\/baralivres.ma\/index.php?rest_route=%2Fwp%2Fv2%2Fcomments&post=12348"}],"version-history":[{"count":2,"href":"https:\/\/baralivres.ma\/index.php?rest_route=\/wp\/v2\/product\/12348\/revisions"}],"predecessor-version":[{"id":12351,"href":"https:\/\/baralivres.ma\/index.php?rest_route=\/wp\/v2\/product\/12348\/revisions\/12351"}],"wp:featuredmedia":[{"embeddable":true,"href":"https:\/\/baralivres.ma\/index.php?rest_route=\/wp\/v2\/media\/12349"}],"wp:attachment":[{"href":"https:\/\/baralivres.ma\/index.php?rest_route=%2Fwp%2Fv2%2Fmedia&parent=12348"}],"wp:term":[{"taxonomy":"product_cat","embeddable":true,"href":"https:\/\/baralivres.ma\/index.php?rest_route=%2Fwp%2Fv2%2Fproduct_cat&post=12348"},{"taxonomy":"product_tag","embeddable":true,"href":"https:\/\/baralivres.ma\/index.php?rest_route=%2Fwp%2Fv2%2Fproduct_tag&post=12348"}],"curies":[{"name":"wp","href":"https:\/\/api.w.org\/{rel}","templated":true}]}}