{"id":12342,"date":"2023-09-07T17:00:41","date_gmt":"2023-09-07T16:00:41","guid":{"rendered":"https:\/\/baralivres.ma\/?post_type=product&#038;p=12342"},"modified":"2025-04-12T09:35:46","modified_gmt":"2025-04-12T08:35:46","slug":"naruto-tome-2","status":"publish","type":"product","link":"https:\/\/baralivres.ma\/?product=naruto-tome-2","title":{"rendered":"Naruto Tome 2"},"content":{"rendered":"<p>Sasuke, Sakura et Naruto passent un test dont le but est de s&#8217;emparer de clochettes que d\u00e9tient le professeur Kakashi. Il leur fait bien r\u00e9aliser leur inf\u00e9riorit\u00e9 et leur manque d&rsquo;exp\u00e9rience et finit par leur annoncer qu&rsquo;ils n&rsquo;ont aucune chance de devenir ninjas&#8230;<\/p>\n","protected":false},"excerpt":{"rendered":"<p>Sasuke, Sakura et Naruto passent un test dont le but est de s&#8217;emparer de clochettes que d\u00e9tient le professeur Kakashi.<\/p>\n","protected":false},"featured_media":0,"comment_status":"open","ping_status":"closed","template":"","meta":{"inline_featured_image":false},"product_cat":[4229,203,204,205,3680],"product_tag":[],"class_list":{"0":"post-12342","1":"product","2":"type-product","3":"status-publish","5":"product_cat-bibliotheque_a_moins-cher","6":"product_cat-adolescente","7":"product_cat-francais","8":"product_cat-enfant-adolescente-francais","9":"product_cat-naruto","11":"first","12":"instock","13":"sale","14":"shipping-taxable","15":"purchasable","16":"product-type-simple"},"_links":{"self":[{"href":"https:\/\/baralivres.ma\/index.php?rest_route=\/wp\/v2\/product\/12342","targetHints":{"allow":["GET"]}}],"collection":[{"href":"https:\/\/baralivres.ma\/index.php?rest_route=\/wp\/v2\/product"}],"about":[{"href":"https:\/\/baralivres.ma\/index.php?rest_route=\/wp\/v2\/types\/product"}],"replies":[{"embeddable":true,"href":"https:\/\/baralivres.ma\/index.php?rest_route=%2Fwp%2Fv2%2Fcomments&post=12342"}],"version-history":[{"count":2,"href":"https:\/\/baralivres.ma\/index.php?rest_route=\/wp\/v2\/product\/12342\/revisions"}],"predecessor-version":[{"id":12344,"href":"https:\/\/baralivres.ma\/index.php?rest_route=\/wp\/v2\/product\/12342\/revisions\/12344"}],"wp:attachment":[{"href":"https:\/\/baralivres.ma\/index.php?rest_route=%2Fwp%2Fv2%2Fmedia&parent=12342"}],"wp:term":[{"taxonomy":"product_cat","embeddable":true,"href":"https:\/\/baralivres.ma\/index.php?rest_route=%2Fwp%2Fv2%2Fproduct_cat&post=12342"},{"taxonomy":"product_tag","embeddable":true,"href":"https:\/\/baralivres.ma\/index.php?rest_route=%2Fwp%2Fv2%2Fproduct_tag&post=12342"}],"curies":[{"name":"wp","href":"https:\/\/api.w.org\/{rel}","templated":true}]}}