{"id":12335,"date":"2023-09-06T17:57:43","date_gmt":"2023-09-06T16:57:43","guid":{"rendered":"https:\/\/baralivres.ma\/?post_type=product&#038;p=12335"},"modified":"2024-03-29T16:16:38","modified_gmt":"2024-03-29T15:16:38","slug":"detective-conan-tome-65","status":"publish","type":"product","link":"https:\/\/baralivres.ma\/?product=detective-conan-tome-65","title":{"rendered":"D\u00e9tective Conan Tome 65"},"content":{"rendered":"<p>Appel\u00e9s en renfort par l&rsquo;inspecteur Kansuke Yamato, Conan et ses amis partent \u00e9lucider le myst\u00e8re du mur rouge, macul\u00e9 de sang. L&rsquo;inspecteur Komei Morofushi, le rival de Kansuke, se joint aussi \u00e0 eux pour mener l&rsquo;enqu\u00eate.<\/p>\n","protected":false},"excerpt":{"rendered":"<p>Appel\u00e9s en renfort par l&rsquo;inspecteur Kansuke Yamato, Conan et ses amis partent \u00e9lucider le myst\u00e8re du mur rouge, macul\u00e9 de sang. L&rsquo;inspecteur Komei Morofushi, le rival de Kansuke, se joint aussi \u00e0 eux pour mener l&rsquo;enqu\u00eate.<\/p>\n","protected":false},"featured_media":12336,"comment_status":"open","ping_status":"closed","template":"","meta":{"inline_featured_image":false},"product_cat":[203,204,205,3683],"product_tag":[],"class_list":{"0":"post-12335","1":"product","2":"type-product","3":"status-publish","4":"has-post-thumbnail","6":"product_cat-adolescente","7":"product_cat-francais","8":"product_cat-enfant-adolescente-francais","9":"product_cat-conan","11":"first","12":"instock","13":"shipping-taxable","14":"purchasable","15":"product-type-simple"},"_links":{"self":[{"href":"https:\/\/baralivres.ma\/index.php?rest_route=\/wp\/v2\/product\/12335","targetHints":{"allow":["GET"]}}],"collection":[{"href":"https:\/\/baralivres.ma\/index.php?rest_route=\/wp\/v2\/product"}],"about":[{"href":"https:\/\/baralivres.ma\/index.php?rest_route=\/wp\/v2\/types\/product"}],"replies":[{"embeddable":true,"href":"https:\/\/baralivres.ma\/index.php?rest_route=%2Fwp%2Fv2%2Fcomments&post=12335"}],"version-history":[{"count":1,"href":"https:\/\/baralivres.ma\/index.php?rest_route=\/wp\/v2\/product\/12335\/revisions"}],"predecessor-version":[{"id":12337,"href":"https:\/\/baralivres.ma\/index.php?rest_route=\/wp\/v2\/product\/12335\/revisions\/12337"}],"wp:featuredmedia":[{"embeddable":true,"href":"https:\/\/baralivres.ma\/index.php?rest_route=\/wp\/v2\/media\/12336"}],"wp:attachment":[{"href":"https:\/\/baralivres.ma\/index.php?rest_route=%2Fwp%2Fv2%2Fmedia&parent=12335"}],"wp:term":[{"taxonomy":"product_cat","embeddable":true,"href":"https:\/\/baralivres.ma\/index.php?rest_route=%2Fwp%2Fv2%2Fproduct_cat&post=12335"},{"taxonomy":"product_tag","embeddable":true,"href":"https:\/\/baralivres.ma\/index.php?rest_route=%2Fwp%2Fv2%2Fproduct_tag&post=12335"}],"curies":[{"name":"wp","href":"https:\/\/api.w.org\/{rel}","templated":true}]}}