{"id":12332,"date":"2023-09-06T17:56:34","date_gmt":"2023-09-06T16:56:34","guid":{"rendered":"https:\/\/baralivres.ma\/?post_type=product&#038;p=12332"},"modified":"2024-03-29T16:16:34","modified_gmt":"2024-03-29T15:16:34","slug":"detective-conan-tome-100","status":"publish","type":"product","link":"https:\/\/baralivres.ma\/?product=detective-conan-tome-100","title":{"rendered":"D\u00e9tective Conan Tome 100"},"content":{"rendered":"<p>Des cadavres non identifi\u00e9s \u00e0 la cha\u00eene&#8230; Derri\u00e8re ces crimes, l&rsquo;Organisation des hommes en noir. Les ennemis s&rsquo;appellent Gin, Vodka, Chianti, Korn, Vermouth, Kir et Rhum. Au terme d&rsquo;un combat c\u00e9r\u00e9bral sans pr\u00e9c\u00e9dent, la v\u00e9rit\u00e9 \u00e9clate&#8230;<\/p>\n","protected":false},"excerpt":{"rendered":"<p>Des cadavres non identifi\u00e9s \u00e0 la cha\u00eene&#8230; Derri\u00e8re ces crimes, l&rsquo;Organisation des hommes en noir. Les ennemis s&rsquo;appellent Gin, Vodka, Chianti, Korn, Vermouth, Kir et Rhum. Au terme d&rsquo;un combat c\u00e9r\u00e9bral sans pr\u00e9c\u00e9dent, la v\u00e9rit\u00e9 \u00e9clate&#8230;<\/p>\n","protected":false},"featured_media":12333,"comment_status":"open","ping_status":"closed","template":"","meta":{"inline_featured_image":false},"product_cat":[203,204,205,3683],"product_tag":[],"class_list":{"0":"post-12332","1":"product","2":"type-product","3":"status-publish","4":"has-post-thumbnail","6":"product_cat-adolescente","7":"product_cat-francais","8":"product_cat-enfant-adolescente-francais","9":"product_cat-conan","11":"first","12":"instock","13":"shipping-taxable","14":"purchasable","15":"product-type-simple"},"_links":{"self":[{"href":"https:\/\/baralivres.ma\/index.php?rest_route=\/wp\/v2\/product\/12332","targetHints":{"allow":["GET"]}}],"collection":[{"href":"https:\/\/baralivres.ma\/index.php?rest_route=\/wp\/v2\/product"}],"about":[{"href":"https:\/\/baralivres.ma\/index.php?rest_route=\/wp\/v2\/types\/product"}],"replies":[{"embeddable":true,"href":"https:\/\/baralivres.ma\/index.php?rest_route=%2Fwp%2Fv2%2Fcomments&post=12332"}],"version-history":[{"count":1,"href":"https:\/\/baralivres.ma\/index.php?rest_route=\/wp\/v2\/product\/12332\/revisions"}],"predecessor-version":[{"id":12334,"href":"https:\/\/baralivres.ma\/index.php?rest_route=\/wp\/v2\/product\/12332\/revisions\/12334"}],"wp:featuredmedia":[{"embeddable":true,"href":"https:\/\/baralivres.ma\/index.php?rest_route=\/wp\/v2\/media\/12333"}],"wp:attachment":[{"href":"https:\/\/baralivres.ma\/index.php?rest_route=%2Fwp%2Fv2%2Fmedia&parent=12332"}],"wp:term":[{"taxonomy":"product_cat","embeddable":true,"href":"https:\/\/baralivres.ma\/index.php?rest_route=%2Fwp%2Fv2%2Fproduct_cat&post=12332"},{"taxonomy":"product_tag","embeddable":true,"href":"https:\/\/baralivres.ma\/index.php?rest_route=%2Fwp%2Fv2%2Fproduct_tag&post=12332"}],"curies":[{"name":"wp","href":"https:\/\/api.w.org\/{rel}","templated":true}]}}