{"id":12317,"date":"2023-09-06T17:49:43","date_gmt":"2023-09-06T16:49:43","guid":{"rendered":"https:\/\/baralivres.ma\/?post_type=product&#038;p=12317"},"modified":"2024-03-29T16:16:36","modified_gmt":"2024-03-29T15:16:36","slug":"detective-conan-tome-16","status":"publish","type":"product","link":"https:\/\/baralivres.ma\/?product=detective-conan-tome-16","title":{"rendered":"D\u00e9tective Conan Tome 16"},"content":{"rendered":"<p>Enigmes principales : L&rsquo;assassin \u00e9tait en blanc. Le myst\u00e8re de l&rsquo;\u00e9cole. La rencontre. La manigance des sculpteurs. On se croirait v\u00e9ritablement dans un roman de Maurice Leblanc : un cambrioleur surnomm\u00e9 l&rsquo;insaisissable 1412 pr\u00e9vient la police et les meilleurs d\u00e9tectives qu&rsquo;il va s&#8217;emparer d&rsquo;un pr\u00e9cieux joyau \u00e0 leur nez et \u00e0 leur barbe. Conan ne peut pas manquer \u00e7a et se m\u00eale \u00e0 l&rsquo;enqu\u00eate. C&rsquo;est l&rsquo;apparition d&rsquo;un adversaire de taille pour notre jeune d\u00e9tective qui va devoir remuer toutes ses cellules grises pour contrer les plans du malfaiteur&#8230;<br \/>\nConan et Heiji : apr\u00e8s la rencontre, le secret perc\u00e9, c&rsquo;est leur premi\u00e8re collaboration sur une enqu\u00eate. Arriv\u00e9e en grande pompe d&rsquo;un nouvel adversaire pour Conan : Kid l&rsquo;insaisissable, une sorte de gentleman cambrioleur.<\/p>\n<p>&nbsp;<\/p>\n","protected":false},"excerpt":{"rendered":"<p>nigmes principales : L&rsquo;assassin \u00e9tait en blanc. Le myst\u00e8re de l&rsquo;\u00e9cole. La rencontre. La manigance des sculpteurs. On se croirait v\u00e9ritablement dans un roman de Maurice Leblanc : un cambrioleur surnomm\u00e9 l&rsquo;insaisissable 1412 pr\u00e9vient la police et les meilleurs d\u00e9tectives qu&rsquo;il va s&#8217;emparer d&rsquo;un pr\u00e9cieux joyau \u00e0 leur nez et \u00e0 leur barbe. Conan ne peut pas manquer \u00e7a et se m\u00eale \u00e0 l&rsquo;enqu\u00eate. C&rsquo;est l&rsquo;apparition d&rsquo;un adversaire de taille pour notre jeune d\u00e9tective qui va devoir remuer toutes ses cellules grises pour contrer les plans du malfaiteur&#8230;<br \/>\nConan et Heiji : apr\u00e8s la rencontre, le secret perc\u00e9, c&rsquo;est leur premi\u00e8re collaboration sur une enqu\u00eate. Arriv\u00e9e en grande pompe d&rsquo;un nouvel adversaire pour Conan : Kid l&rsquo;insaisissable, une sorte de gentleman cambrioleur.<\/p>\n","protected":false},"featured_media":12318,"comment_status":"open","ping_status":"closed","template":"","meta":{"inline_featured_image":false},"product_cat":[203,204,205,3683],"product_tag":[],"class_list":{"0":"post-12317","1":"product","2":"type-product","3":"status-publish","4":"has-post-thumbnail","6":"product_cat-adolescente","7":"product_cat-francais","8":"product_cat-enfant-adolescente-francais","9":"product_cat-conan","11":"first","12":"instock","13":"shipping-taxable","14":"purchasable","15":"product-type-simple"},"_links":{"self":[{"href":"https:\/\/baralivres.ma\/index.php?rest_route=\/wp\/v2\/product\/12317","targetHints":{"allow":["GET"]}}],"collection":[{"href":"https:\/\/baralivres.ma\/index.php?rest_route=\/wp\/v2\/product"}],"about":[{"href":"https:\/\/baralivres.ma\/index.php?rest_route=\/wp\/v2\/types\/product"}],"replies":[{"embeddable":true,"href":"https:\/\/baralivres.ma\/index.php?rest_route=%2Fwp%2Fv2%2Fcomments&post=12317"}],"version-history":[{"count":1,"href":"https:\/\/baralivres.ma\/index.php?rest_route=\/wp\/v2\/product\/12317\/revisions"}],"predecessor-version":[{"id":12319,"href":"https:\/\/baralivres.ma\/index.php?rest_route=\/wp\/v2\/product\/12317\/revisions\/12319"}],"wp:featuredmedia":[{"embeddable":true,"href":"https:\/\/baralivres.ma\/index.php?rest_route=\/wp\/v2\/media\/12318"}],"wp:attachment":[{"href":"https:\/\/baralivres.ma\/index.php?rest_route=%2Fwp%2Fv2%2Fmedia&parent=12317"}],"wp:term":[{"taxonomy":"product_cat","embeddable":true,"href":"https:\/\/baralivres.ma\/index.php?rest_route=%2Fwp%2Fv2%2Fproduct_cat&post=12317"},{"taxonomy":"product_tag","embeddable":true,"href":"https:\/\/baralivres.ma\/index.php?rest_route=%2Fwp%2Fv2%2Fproduct_tag&post=12317"}],"curies":[{"name":"wp","href":"https:\/\/api.w.org\/{rel}","templated":true}]}}