{"id":12314,"date":"2023-09-06T17:48:14","date_gmt":"2023-09-06T16:48:14","guid":{"rendered":"https:\/\/baralivres.ma\/?post_type=product&#038;p=12314"},"modified":"2024-03-29T16:16:35","modified_gmt":"2024-03-29T15:16:35","slug":"detective-conan-tome-15","status":"publish","type":"product","link":"https:\/\/baralivres.ma\/?product=detective-conan-tome-15","title":{"rendered":"D\u00e9tective Conan Tome 15"},"content":{"rendered":"<p>Enigmes principales : Les larmes de la v\u00e9rit\u00e9. Une voix ressemblante. L\u00e9cher de pouce. Le bandage ensanglant\u00e9. Un jour, pour les besoins d&rsquo;une affaire, Kogoro est appel\u00e9 par le grand patron du groupe \u00ab\u00a0Nagato\u00a0\u00bb. Mais au cours de la r\u00e9union organis\u00e9e pour l&rsquo;anniversaire de M. Dosan Nagato, un meurtre a lieu. Il semblerait que tout le monde ait \u00e9t\u00e9 t\u00e9moin : le coupable serait Hideomi, le fils a\u00een\u00e9 de M.<br \/>\nNagato. Ran joue les d\u00e9tectives : gr\u00e2ce \u00e0 Shinichi, elle r\u00e9sout une enqu\u00eate. Aoyama met en sc\u00e8ne un groupe de musique pop, les Two-mix qui ne sont autres que les v\u00e9ritables doubleurs de la s\u00e9rie t\u00e9l\u00e9vis\u00e9e \u00e9ponyme. Hattori intervient dans la derni\u00e8re enqu\u00eate du volume.<\/p>\n","protected":false},"excerpt":{"rendered":"<p>Enigmes principales : Les larmes de la v\u00e9rit\u00e9. Une voix ressemblante. L\u00e9cher de pouce. Le bandage ensanglant\u00e9. Un jour, pour les besoins d&rsquo;une affaire, Kogoro est appel\u00e9 par le grand patron du groupe \u00ab\u00a0Nagato\u00a0\u00bb. Mais au cours de la r\u00e9union organis\u00e9e pour l&rsquo;anniversaire de M. Dosan Nagato, un meurtre a lieu. Il semblerait que tout le monde ait \u00e9t\u00e9 t\u00e9moin : le coupable serait Hideomi, le fils a\u00een\u00e9 de M.<br \/>\nNagato. Ran joue les d\u00e9tectives : gr\u00e2ce \u00e0 Shinichi, elle r\u00e9sout une enqu\u00eate. Aoyama met en sc\u00e8ne un groupe de musique pop, les Two-mix qui ne sont autres que les v\u00e9ritables doubleurs de la s\u00e9rie t\u00e9l\u00e9vis\u00e9e \u00e9ponyme. Hattori intervient dans la derni\u00e8re enqu\u00eate du volume.<\/p>\n","protected":false},"featured_media":12315,"comment_status":"open","ping_status":"closed","template":"","meta":{"inline_featured_image":false},"product_cat":[203,205,3683],"product_tag":[],"class_list":{"0":"post-12314","1":"product","2":"type-product","3":"status-publish","4":"has-post-thumbnail","6":"product_cat-adolescente","7":"product_cat-enfant-adolescente-francais","8":"product_cat-conan","10":"first","11":"instock","12":"shipping-taxable","13":"purchasable","14":"product-type-simple"},"_links":{"self":[{"href":"https:\/\/baralivres.ma\/index.php?rest_route=\/wp\/v2\/product\/12314","targetHints":{"allow":["GET"]}}],"collection":[{"href":"https:\/\/baralivres.ma\/index.php?rest_route=\/wp\/v2\/product"}],"about":[{"href":"https:\/\/baralivres.ma\/index.php?rest_route=\/wp\/v2\/types\/product"}],"replies":[{"embeddable":true,"href":"https:\/\/baralivres.ma\/index.php?rest_route=%2Fwp%2Fv2%2Fcomments&post=12314"}],"version-history":[{"count":1,"href":"https:\/\/baralivres.ma\/index.php?rest_route=\/wp\/v2\/product\/12314\/revisions"}],"predecessor-version":[{"id":12316,"href":"https:\/\/baralivres.ma\/index.php?rest_route=\/wp\/v2\/product\/12314\/revisions\/12316"}],"wp:featuredmedia":[{"embeddable":true,"href":"https:\/\/baralivres.ma\/index.php?rest_route=\/wp\/v2\/media\/12315"}],"wp:attachment":[{"href":"https:\/\/baralivres.ma\/index.php?rest_route=%2Fwp%2Fv2%2Fmedia&parent=12314"}],"wp:term":[{"taxonomy":"product_cat","embeddable":true,"href":"https:\/\/baralivres.ma\/index.php?rest_route=%2Fwp%2Fv2%2Fproduct_cat&post=12314"},{"taxonomy":"product_tag","embeddable":true,"href":"https:\/\/baralivres.ma\/index.php?rest_route=%2Fwp%2Fv2%2Fproduct_tag&post=12314"}],"curies":[{"name":"wp","href":"https:\/\/api.w.org\/{rel}","templated":true}]}}