{"id":12311,"date":"2023-09-06T17:47:06","date_gmt":"2023-09-06T16:47:06","guid":{"rendered":"https:\/\/baralivres.ma\/?post_type=product&#038;p=12311"},"modified":"2024-03-29T16:22:58","modified_gmt":"2024-03-29T15:22:58","slug":"detective-conan-tome-92","status":"publish","type":"product","link":"https:\/\/baralivres.ma\/?product=detective-conan-tome-92","title":{"rendered":"D\u00e9tective Conan Tome 92"},"content":{"rendered":"<p>Le murmure des flots permet \u00e0 Conan de retrouver la m\u00e9moire ! ? Notre jeune d\u00e9tective s&rsquo;appelle encore Shinichi et se trouve sur une plage avec Ran o\u00f9 il rencontre Sera pour la premi\u00e8re fois&#8230; Mais aussi un jeune homme qui ressemble \u00e9trangement \u00e0 Sh\u00fbichi Akai&#8230;<\/p>\n","protected":false},"excerpt":{"rendered":"<p>Le murmure des flots permet \u00e0 Conan de retrouver la m\u00e9moire ! ? Notre jeune d\u00e9tective s&rsquo;appelle encore Shinichi et se trouve sur une plage avec Ran o\u00f9 il rencontre Sera pour la premi\u00e8re fois&#8230; Mais aussi un jeune homme qui ressemble \u00e9trangement \u00e0 Sh\u00fbichi Akai&#8230;<\/p>\n","protected":false},"featured_media":12312,"comment_status":"open","ping_status":"closed","template":"","meta":{"inline_featured_image":false},"product_cat":[203,204,205,3683],"product_tag":[],"class_list":{"0":"post-12311","1":"product","2":"type-product","3":"status-publish","4":"has-post-thumbnail","6":"product_cat-adolescente","7":"product_cat-francais","8":"product_cat-enfant-adolescente-francais","9":"product_cat-conan","11":"first","12":"instock","13":"shipping-taxable","14":"purchasable","15":"product-type-simple"},"_links":{"self":[{"href":"https:\/\/baralivres.ma\/index.php?rest_route=\/wp\/v2\/product\/12311","targetHints":{"allow":["GET"]}}],"collection":[{"href":"https:\/\/baralivres.ma\/index.php?rest_route=\/wp\/v2\/product"}],"about":[{"href":"https:\/\/baralivres.ma\/index.php?rest_route=\/wp\/v2\/types\/product"}],"replies":[{"embeddable":true,"href":"https:\/\/baralivres.ma\/index.php?rest_route=%2Fwp%2Fv2%2Fcomments&post=12311"}],"version-history":[{"count":1,"href":"https:\/\/baralivres.ma\/index.php?rest_route=\/wp\/v2\/product\/12311\/revisions"}],"predecessor-version":[{"id":12313,"href":"https:\/\/baralivres.ma\/index.php?rest_route=\/wp\/v2\/product\/12311\/revisions\/12313"}],"wp:featuredmedia":[{"embeddable":true,"href":"https:\/\/baralivres.ma\/index.php?rest_route=\/wp\/v2\/media\/12312"}],"wp:attachment":[{"href":"https:\/\/baralivres.ma\/index.php?rest_route=%2Fwp%2Fv2%2Fmedia&parent=12311"}],"wp:term":[{"taxonomy":"product_cat","embeddable":true,"href":"https:\/\/baralivres.ma\/index.php?rest_route=%2Fwp%2Fv2%2Fproduct_cat&post=12311"},{"taxonomy":"product_tag","embeddable":true,"href":"https:\/\/baralivres.ma\/index.php?rest_route=%2Fwp%2Fv2%2Fproduct_tag&post=12311"}],"curies":[{"name":"wp","href":"https:\/\/api.w.org\/{rel}","templated":true}]}}