{"id":12308,"date":"2023-09-06T17:46:05","date_gmt":"2023-09-06T16:46:05","guid":{"rendered":"https:\/\/baralivres.ma\/?post_type=product&#038;p=12308"},"modified":"2024-03-29T16:16:35","modified_gmt":"2024-03-29T15:16:35","slug":"detective-conan-tome-14","status":"publish","type":"product","link":"https:\/\/baralivres.ma\/?product=detective-conan-tome-14","title":{"rendered":"D\u00e9tective Conan Tome 14"},"content":{"rendered":"<p>Enigmes principales : Les num\u00e9ros de t\u00e9l\u00e9phone. Questions dans les feuilles mortes. Une \u00e9trange r\u00e9union. Si Shinichi a r\u00e9ussi \u00e0 tromper tout le monde, le secret de son identit\u00e9 a \u00e9t\u00e9 perc\u00e9 par un d\u00e9tective lyc\u00e9en venu du sud du Japon : Heiji Hattori. Conan, Ran et Sonoko partent au ski, et rencontrent par hasard une de leurs anciennes ma\u00eetresses d&rsquo;\u00e9cole. C&rsquo;est l\u00e0 qu&rsquo;une nouvelle affaire commence dans le chalet o\u00f9 ils devaient passer la nuit ! Conan sait que la cl\u00e9 du myst\u00e8re r\u00e9side dans \u00ab\u00a0un fait datant de 3 ans\u00a0\u00bb.<br \/>\nAinsi commence l&rsquo;enqu\u00eate, mais&#8230; Ran commence \u00e0 avoir de s\u00e9rieux doutes sur l&rsquo;identit\u00e9 de Conan. Les parents de Shinichi participent pour la deuxi\u00e8me fois \u00e0 une enqu\u00eate du fiston.<\/p>\n","protected":false},"excerpt":{"rendered":"<p>Enigmes principales : Les num\u00e9ros de t\u00e9l\u00e9phone. Questions dans les feuilles mortes. Une \u00e9trange r\u00e9union. Si Shinichi a r\u00e9ussi \u00e0 tromper tout le monde, le secret de son identit\u00e9 a \u00e9t\u00e9 perc\u00e9 par un d\u00e9tective lyc\u00e9en venu du sud du Japon : Heiji Hattori. Conan, Ran et Sonoko partent au ski, et rencontrent par hasard une de leurs anciennes ma\u00eetresses d&rsquo;\u00e9cole. C&rsquo;est l\u00e0 qu&rsquo;une nouvelle affaire commence dans le chalet o\u00f9 ils devaient passer la nuit ! Conan sait que la cl\u00e9 du myst\u00e8re r\u00e9side dans \u00ab\u00a0un fait datant de 3 ans\u00a0\u00bb.<br \/>\nAinsi commence l&rsquo;enqu\u00eate, mais&#8230; Ran commence \u00e0 avoir de s\u00e9rieux doutes sur l&rsquo;identit\u00e9 de Conan. Les parents de Shinichi participent pour la deuxi\u00e8me fois \u00e0 une enqu\u00eate du fiston.<\/p>\n","protected":false},"featured_media":12309,"comment_status":"open","ping_status":"closed","template":"","meta":{"inline_featured_image":false},"product_cat":[203,204,205,3683],"product_tag":[],"class_list":{"0":"post-12308","1":"product","2":"type-product","3":"status-publish","4":"has-post-thumbnail","6":"product_cat-adolescente","7":"product_cat-francais","8":"product_cat-enfant-adolescente-francais","9":"product_cat-conan","11":"first","12":"instock","13":"shipping-taxable","14":"purchasable","15":"product-type-simple"},"_links":{"self":[{"href":"https:\/\/baralivres.ma\/index.php?rest_route=\/wp\/v2\/product\/12308","targetHints":{"allow":["GET"]}}],"collection":[{"href":"https:\/\/baralivres.ma\/index.php?rest_route=\/wp\/v2\/product"}],"about":[{"href":"https:\/\/baralivres.ma\/index.php?rest_route=\/wp\/v2\/types\/product"}],"replies":[{"embeddable":true,"href":"https:\/\/baralivres.ma\/index.php?rest_route=%2Fwp%2Fv2%2Fcomments&post=12308"}],"version-history":[{"count":1,"href":"https:\/\/baralivres.ma\/index.php?rest_route=\/wp\/v2\/product\/12308\/revisions"}],"predecessor-version":[{"id":12310,"href":"https:\/\/baralivres.ma\/index.php?rest_route=\/wp\/v2\/product\/12308\/revisions\/12310"}],"wp:featuredmedia":[{"embeddable":true,"href":"https:\/\/baralivres.ma\/index.php?rest_route=\/wp\/v2\/media\/12309"}],"wp:attachment":[{"href":"https:\/\/baralivres.ma\/index.php?rest_route=%2Fwp%2Fv2%2Fmedia&parent=12308"}],"wp:term":[{"taxonomy":"product_cat","embeddable":true,"href":"https:\/\/baralivres.ma\/index.php?rest_route=%2Fwp%2Fv2%2Fproduct_cat&post=12308"},{"taxonomy":"product_tag","embeddable":true,"href":"https:\/\/baralivres.ma\/index.php?rest_route=%2Fwp%2Fv2%2Fproduct_tag&post=12308"}],"curies":[{"name":"wp","href":"https:\/\/api.w.org\/{rel}","templated":true}]}}