{"id":12305,"date":"2023-09-06T17:44:51","date_gmt":"2023-09-06T16:44:51","guid":{"rendered":"https:\/\/baralivres.ma\/?post_type=product&#038;p=12305"},"modified":"2024-03-29T16:16:35","modified_gmt":"2024-03-29T15:16:35","slug":"detective-conan-tome-12","status":"publish","type":"product","link":"https:\/\/baralivres.ma\/?product=detective-conan-tome-12","title":{"rendered":"D\u00e9tective Conan Tome 12"},"content":{"rendered":"<p>Enigmes principales : Le coffre au tr\u00e9sor du professeur. A la recherche de la bombe. R\u00e9union chez Mycroft. Une \u00e9nigme difficile qui fait appel \u00e0 la connaissance des syllabaires japonais (hiragana et katakana). Conan retrouve la trace des hommes en noir. Hattori revient chercher Shinichi.<\/p>\n","protected":false},"excerpt":{"rendered":"<p>Enigmes principales : Le coffre au tr\u00e9sor du professeur. A la recherche de la bombe. R\u00e9union chez Mycroft. Une \u00e9nigme difficile qui fait appel \u00e0 la connaissance des syllabaires japonais (hiragana et katakana). Conan retrouve la trace des hommes en noir. Hattori revient chercher Shinichi.<\/p>\n","protected":false},"featured_media":12306,"comment_status":"open","ping_status":"closed","template":"","meta":{"inline_featured_image":false},"product_cat":[203,204,205,3683],"product_tag":[],"class_list":{"0":"post-12305","1":"product","2":"type-product","3":"status-publish","4":"has-post-thumbnail","6":"product_cat-adolescente","7":"product_cat-francais","8":"product_cat-enfant-adolescente-francais","9":"product_cat-conan","11":"first","12":"instock","13":"shipping-taxable","14":"purchasable","15":"product-type-simple"},"_links":{"self":[{"href":"https:\/\/baralivres.ma\/index.php?rest_route=\/wp\/v2\/product\/12305","targetHints":{"allow":["GET"]}}],"collection":[{"href":"https:\/\/baralivres.ma\/index.php?rest_route=\/wp\/v2\/product"}],"about":[{"href":"https:\/\/baralivres.ma\/index.php?rest_route=\/wp\/v2\/types\/product"}],"replies":[{"embeddable":true,"href":"https:\/\/baralivres.ma\/index.php?rest_route=%2Fwp%2Fv2%2Fcomments&post=12305"}],"version-history":[{"count":1,"href":"https:\/\/baralivres.ma\/index.php?rest_route=\/wp\/v2\/product\/12305\/revisions"}],"predecessor-version":[{"id":12307,"href":"https:\/\/baralivres.ma\/index.php?rest_route=\/wp\/v2\/product\/12305\/revisions\/12307"}],"wp:featuredmedia":[{"embeddable":true,"href":"https:\/\/baralivres.ma\/index.php?rest_route=\/wp\/v2\/media\/12306"}],"wp:attachment":[{"href":"https:\/\/baralivres.ma\/index.php?rest_route=%2Fwp%2Fv2%2Fmedia&parent=12305"}],"wp:term":[{"taxonomy":"product_cat","embeddable":true,"href":"https:\/\/baralivres.ma\/index.php?rest_route=%2Fwp%2Fv2%2Fproduct_cat&post=12305"},{"taxonomy":"product_tag","embeddable":true,"href":"https:\/\/baralivres.ma\/index.php?rest_route=%2Fwp%2Fv2%2Fproduct_tag&post=12305"}],"curies":[{"name":"wp","href":"https:\/\/api.w.org\/{rel}","templated":true}]}}