{"id":12296,"date":"2023-09-06T17:41:04","date_gmt":"2023-09-06T16:41:04","guid":{"rendered":"https:\/\/baralivres.ma\/?post_type=product&#038;p=12296"},"modified":"2024-03-29T16:16:34","modified_gmt":"2024-03-29T15:16:34","slug":"detective-conan-tome-10","status":"publish","type":"product","link":"https:\/\/baralivres.ma\/?product=detective-conan-tome-10","title":{"rendered":"D\u00e9tective Conan Tome 10"},"content":{"rendered":"<p>Enigmes principales : Une cachette bien dangereuse. Les retrouvailles. Meurtres en s\u00e9rie. Au cours d&rsquo;une affaire, Shinichi est provoqu\u00e9 par un certain Hattori, d\u00e9tective lyc\u00e9en tout comme lui, mais professant dans la r\u00e9gion du Kansai. A la surprise g\u00e9n\u00e9rale, le vrai Shinichi r\u00e9appara\u00eet alors pour relever ce d\u00e9fi. Depuis, ce miracle qui permit \u00e0 Conan de redevenir ce qu&rsquo;il \u00e9tait, ne se reproduit malheureusement plus.<br \/>\nEn vacances aux sports d&rsquo;hiver, Kogoro, Ran et Conan sont \u00e0 nouveaux confront\u00e9s \u00e0 un meurtre myst\u00e9rieux : le professeur Oyama a \u00e9t\u00e9 assassin\u00e9 dans son luxueux chalet. Gr\u00e2ce \u00e0 un message laiss\u00e9 par la victime avant de mourir, Conan semble avoir d\u00e9couvert l&rsquo;identit\u00e9 du coupable !<\/p>\n","protected":false},"excerpt":{"rendered":"<p>Enigmes principales : Une cachette bien dangereuse. Les retrouvailles. Meurtres en s\u00e9rie. Au cours d&rsquo;une affaire, Shinichi est provoqu\u00e9 par un certain Hattori, d\u00e9tective lyc\u00e9en tout comme lui, mais professant dans la r\u00e9gion du Kansai. A la surprise g\u00e9n\u00e9rale, le vrai Shinichi r\u00e9appara\u00eet alors pour relever ce d\u00e9fi. Depuis, ce miracle qui permit \u00e0 Conan de redevenir ce qu&rsquo;il \u00e9tait, ne se reproduit malheureusement plus.<br \/>\nEn vacances aux sports d&rsquo;hiver, Kogoro, Ran et Conan sont \u00e0 nouveaux confront\u00e9s \u00e0 un meurtre myst\u00e9rieux : le professeur Oyama a \u00e9t\u00e9 assassin\u00e9 dans son luxueux chalet. Gr\u00e2ce \u00e0 un message laiss\u00e9 par la victime avant de mourir, Conan semble avoir d\u00e9couvert l&rsquo;identit\u00e9 du coupable !<\/p>\n","protected":false},"featured_media":12297,"comment_status":"open","ping_status":"closed","template":"","meta":{"inline_featured_image":false},"product_cat":[203,204,205,3683],"product_tag":[],"class_list":{"0":"post-12296","1":"product","2":"type-product","3":"status-publish","4":"has-post-thumbnail","6":"product_cat-adolescente","7":"product_cat-francais","8":"product_cat-enfant-adolescente-francais","9":"product_cat-conan","11":"first","12":"instock","13":"shipping-taxable","14":"purchasable","15":"product-type-simple"},"_links":{"self":[{"href":"https:\/\/baralivres.ma\/index.php?rest_route=\/wp\/v2\/product\/12296","targetHints":{"allow":["GET"]}}],"collection":[{"href":"https:\/\/baralivres.ma\/index.php?rest_route=\/wp\/v2\/product"}],"about":[{"href":"https:\/\/baralivres.ma\/index.php?rest_route=\/wp\/v2\/types\/product"}],"replies":[{"embeddable":true,"href":"https:\/\/baralivres.ma\/index.php?rest_route=%2Fwp%2Fv2%2Fcomments&post=12296"}],"version-history":[{"count":1,"href":"https:\/\/baralivres.ma\/index.php?rest_route=\/wp\/v2\/product\/12296\/revisions"}],"predecessor-version":[{"id":12298,"href":"https:\/\/baralivres.ma\/index.php?rest_route=\/wp\/v2\/product\/12296\/revisions\/12298"}],"wp:featuredmedia":[{"embeddable":true,"href":"https:\/\/baralivres.ma\/index.php?rest_route=\/wp\/v2\/media\/12297"}],"wp:attachment":[{"href":"https:\/\/baralivres.ma\/index.php?rest_route=%2Fwp%2Fv2%2Fmedia&parent=12296"}],"wp:term":[{"taxonomy":"product_cat","embeddable":true,"href":"https:\/\/baralivres.ma\/index.php?rest_route=%2Fwp%2Fv2%2Fproduct_cat&post=12296"},{"taxonomy":"product_tag","embeddable":true,"href":"https:\/\/baralivres.ma\/index.php?rest_route=%2Fwp%2Fv2%2Fproduct_tag&post=12296"}],"curies":[{"name":"wp","href":"https:\/\/api.w.org\/{rel}","templated":true}]}}