{"id":12284,"date":"2023-09-06T17:35:56","date_gmt":"2023-09-06T16:35:56","guid":{"rendered":"https:\/\/baralivres.ma\/?post_type=product&#038;p=12284"},"modified":"2024-03-29T16:22:59","modified_gmt":"2024-03-29T15:22:59","slug":"detective-conan-tome-89","status":"publish","type":"product","link":"https:\/\/baralivres.ma\/?product=detective-conan-tome-89","title":{"rendered":"D\u00e9tective Conan Tome 89"},"content":{"rendered":"<p>Conan, aid\u00e9 par Sera et Amuro, r\u00e9sout le crime commis au sein d&rsquo;un groupe de musicienne. Il part ensuite avec le professeur Agasa et les jeunes d\u00e9tectives dans un centre commercial pour pr\u00e9parer leurs achats de No\u00ebl. Sur place, le g\u00e9rant d&rsquo;un Lire la suite.<\/p>\n","protected":false},"excerpt":{"rendered":"<p>Conan, aid\u00e9 par Sera et Amuro, r\u00e9sout le crime commis au sein d&rsquo;un groupe de musicienne. Il part ensuite avec le professeur Agasa et les jeunes d\u00e9tectives dans un centre commercial pour pr\u00e9parer leurs achats de No\u00ebl. Sur place, le g\u00e9rant d&rsquo;un Lire la suite.<\/p>\n","protected":false},"featured_media":12285,"comment_status":"open","ping_status":"closed","template":"","meta":{"inline_featured_image":false},"product_cat":[203,204,205,3683],"product_tag":[],"class_list":{"0":"post-12284","1":"product","2":"type-product","3":"status-publish","4":"has-post-thumbnail","6":"product_cat-adolescente","7":"product_cat-francais","8":"product_cat-enfant-adolescente-francais","9":"product_cat-conan","11":"first","12":"instock","13":"shipping-taxable","14":"purchasable","15":"product-type-simple"},"_links":{"self":[{"href":"https:\/\/baralivres.ma\/index.php?rest_route=\/wp\/v2\/product\/12284","targetHints":{"allow":["GET"]}}],"collection":[{"href":"https:\/\/baralivres.ma\/index.php?rest_route=\/wp\/v2\/product"}],"about":[{"href":"https:\/\/baralivres.ma\/index.php?rest_route=\/wp\/v2\/types\/product"}],"replies":[{"embeddable":true,"href":"https:\/\/baralivres.ma\/index.php?rest_route=%2Fwp%2Fv2%2Fcomments&post=12284"}],"version-history":[{"count":1,"href":"https:\/\/baralivres.ma\/index.php?rest_route=\/wp\/v2\/product\/12284\/revisions"}],"predecessor-version":[{"id":12286,"href":"https:\/\/baralivres.ma\/index.php?rest_route=\/wp\/v2\/product\/12284\/revisions\/12286"}],"wp:featuredmedia":[{"embeddable":true,"href":"https:\/\/baralivres.ma\/index.php?rest_route=\/wp\/v2\/media\/12285"}],"wp:attachment":[{"href":"https:\/\/baralivres.ma\/index.php?rest_route=%2Fwp%2Fv2%2Fmedia&parent=12284"}],"wp:term":[{"taxonomy":"product_cat","embeddable":true,"href":"https:\/\/baralivres.ma\/index.php?rest_route=%2Fwp%2Fv2%2Fproduct_cat&post=12284"},{"taxonomy":"product_tag","embeddable":true,"href":"https:\/\/baralivres.ma\/index.php?rest_route=%2Fwp%2Fv2%2Fproduct_tag&post=12284"}],"curies":[{"name":"wp","href":"https:\/\/api.w.org\/{rel}","templated":true}]}}