{"id":12281,"date":"2023-09-06T17:34:44","date_gmt":"2023-09-06T16:34:44","guid":{"rendered":"https:\/\/baralivres.ma\/?post_type=product&#038;p=12281"},"modified":"2024-03-29T16:22:59","modified_gmt":"2024-03-29T15:22:59","slug":"detective-conan-tome-88","status":"publish","type":"product","link":"https:\/\/baralivres.ma\/?product=detective-conan-tome-88","title":{"rendered":"D\u00e9tective Conan Tome 88"},"content":{"rendered":"<p>Conan continue d&rsquo;enqu\u00eater sur le meurtre qui a eu lieu dans un restaurant. Les employ\u00e9s sont suspects, ainsi que Yoko et Higo qui \u00e9taient sur les lieux. Plus tard, notre jeune h\u00e9ros doit aider la police a d\u00e9masquer un client d&rsquo;un restaurant de ramen pour savoir lequel aurait commis un meurtre et un crime. Apr\u00e8s cela, il se retrouve avec Heiji sur le lieu de tournage d&rsquo;un film de zombies. Tout se passe bien jusqu&rsquo;\u00e0 ce que les acteurs soient assassin\u00e9s. Enfin, Conan accompagne Ran, Sonoko et Sera qui veulent former un groupe de musique f\u00e9minin.<\/p>\n","protected":false},"excerpt":{"rendered":"<p>Conan continue d&rsquo;enqu\u00eater sur le meurtre qui a eu lieu dans un restaurant. Les employ\u00e9s sont suspects, ainsi que Yoko et Higo qui \u00e9taient sur les lieux. Plus tard, notre jeune h\u00e9ros doit aider la police a d\u00e9masquer un client d&rsquo;un restaurant de ramen pour savoir lequel aurait commis un meurtre et un crime. Apr\u00e8s cela, il se retrouve avec Heiji sur le lieu de tournage d&rsquo;un film de zombies. Tout se passe bien jusqu&rsquo;\u00e0 ce que les acteurs soient assassin\u00e9s. Enfin, Conan accompagne Ran, Sonoko et Sera qui veulent former un groupe de musique f\u00e9minin.<\/p>\n","protected":false},"featured_media":12282,"comment_status":"open","ping_status":"closed","template":"","meta":{"inline_featured_image":false},"product_cat":[203,204,205,3683],"product_tag":[],"class_list":{"0":"post-12281","1":"product","2":"type-product","3":"status-publish","4":"has-post-thumbnail","6":"product_cat-adolescente","7":"product_cat-francais","8":"product_cat-enfant-adolescente-francais","9":"product_cat-conan","11":"first","12":"instock","13":"shipping-taxable","14":"purchasable","15":"product-type-simple"},"_links":{"self":[{"href":"https:\/\/baralivres.ma\/index.php?rest_route=\/wp\/v2\/product\/12281","targetHints":{"allow":["GET"]}}],"collection":[{"href":"https:\/\/baralivres.ma\/index.php?rest_route=\/wp\/v2\/product"}],"about":[{"href":"https:\/\/baralivres.ma\/index.php?rest_route=\/wp\/v2\/types\/product"}],"replies":[{"embeddable":true,"href":"https:\/\/baralivres.ma\/index.php?rest_route=%2Fwp%2Fv2%2Fcomments&post=12281"}],"version-history":[{"count":1,"href":"https:\/\/baralivres.ma\/index.php?rest_route=\/wp\/v2\/product\/12281\/revisions"}],"predecessor-version":[{"id":12283,"href":"https:\/\/baralivres.ma\/index.php?rest_route=\/wp\/v2\/product\/12281\/revisions\/12283"}],"wp:featuredmedia":[{"embeddable":true,"href":"https:\/\/baralivres.ma\/index.php?rest_route=\/wp\/v2\/media\/12282"}],"wp:attachment":[{"href":"https:\/\/baralivres.ma\/index.php?rest_route=%2Fwp%2Fv2%2Fmedia&parent=12281"}],"wp:term":[{"taxonomy":"product_cat","embeddable":true,"href":"https:\/\/baralivres.ma\/index.php?rest_route=%2Fwp%2Fv2%2Fproduct_cat&post=12281"},{"taxonomy":"product_tag","embeddable":true,"href":"https:\/\/baralivres.ma\/index.php?rest_route=%2Fwp%2Fv2%2Fproduct_tag&post=12281"}],"curies":[{"name":"wp","href":"https:\/\/api.w.org\/{rel}","templated":true}]}}