{"id":12278,"date":"2023-09-06T17:33:32","date_gmt":"2023-09-06T16:33:32","guid":{"rendered":"https:\/\/baralivres.ma\/?post_type=product&#038;p=12278"},"modified":"2024-03-29T16:23:00","modified_gmt":"2024-03-29T15:23:00","slug":"detective-conan-tome-86","status":"publish","type":"product","link":"https:\/\/baralivres.ma\/?product=detective-conan-tome-86","title":{"rendered":"D\u00e9tective Conan Tome 86"},"content":{"rendered":"<p>Conan et Sera finissent pas r\u00e9soudre l&rsquo;affaire de la piscine. Plus tard, Conan et les jeunes d\u00e9tectives se retrouvent impliqu\u00e9s dans la mort d&rsquo;une romanci\u00e8re. Gr\u00e2ce \u00e0 un t\u00e9moin, trois personnes sont suspect\u00e9es du meurtre. Mais tous affirment que la romanci\u00e8re \u00e9tait d\u00e9j\u00e0 morte quand ils sont venus la voir. De plus, le t\u00e9moin, un jeune gar\u00e7on ne se souvient plus de l&rsquo;ordre dans lequel ils sont venus.<br \/>\nApr\u00e8s cela, Conan part enqu\u00eater avec Heiji dans une auberge o\u00f9 se trouverait un kamaitachi. Quand celui-ci tue un homme, l&rsquo;affaire prend une autre tournure. Et pour finir notre jeune h\u00e9ros se retrouve plong\u00e9 dans des meurtres en s\u00e9rie touchant des policiers.<\/p>\n","protected":false},"excerpt":{"rendered":"<p>Conan et Sera finissent pas r\u00e9soudre l&rsquo;affaire de la piscine. Plus tard, Conan et les jeunes d\u00e9tectives se retrouvent impliqu\u00e9s dans la mort d&rsquo;une romanci\u00e8re. Gr\u00e2ce \u00e0 un t\u00e9moin, trois personnes sont suspect\u00e9es du meurtre. Mais tous affirment que la romanci\u00e8re \u00e9tait d\u00e9j\u00e0 morte quand ils sont venus la voir. De plus, le t\u00e9moin, un jeune gar\u00e7on ne se souvient plus de l&rsquo;ordre dans lequel ils sont venus.<br \/>\nApr\u00e8s cela, Conan part enqu\u00eater avec Heiji dans une auberge o\u00f9 se trouverait un kamaitachi. Quand celui-ci tue un homme, l&rsquo;affaire prend une autre tournure. Et pour finir notre jeune h\u00e9ros se retrouve plong\u00e9 dans des meurtres en s\u00e9rie touchant des policiers.<\/p>\n","protected":false},"featured_media":12279,"comment_status":"open","ping_status":"closed","template":"","meta":{"inline_featured_image":false},"product_cat":[203,204,205,3683],"product_tag":[],"class_list":{"0":"post-12278","1":"product","2":"type-product","3":"status-publish","4":"has-post-thumbnail","6":"product_cat-adolescente","7":"product_cat-francais","8":"product_cat-enfant-adolescente-francais","9":"product_cat-conan","11":"first","12":"instock","13":"shipping-taxable","14":"purchasable","15":"product-type-simple"},"_links":{"self":[{"href":"https:\/\/baralivres.ma\/index.php?rest_route=\/wp\/v2\/product\/12278","targetHints":{"allow":["GET"]}}],"collection":[{"href":"https:\/\/baralivres.ma\/index.php?rest_route=\/wp\/v2\/product"}],"about":[{"href":"https:\/\/baralivres.ma\/index.php?rest_route=\/wp\/v2\/types\/product"}],"replies":[{"embeddable":true,"href":"https:\/\/baralivres.ma\/index.php?rest_route=%2Fwp%2Fv2%2Fcomments&post=12278"}],"version-history":[{"count":1,"href":"https:\/\/baralivres.ma\/index.php?rest_route=\/wp\/v2\/product\/12278\/revisions"}],"predecessor-version":[{"id":12280,"href":"https:\/\/baralivres.ma\/index.php?rest_route=\/wp\/v2\/product\/12278\/revisions\/12280"}],"wp:featuredmedia":[{"embeddable":true,"href":"https:\/\/baralivres.ma\/index.php?rest_route=\/wp\/v2\/media\/12279"}],"wp:attachment":[{"href":"https:\/\/baralivres.ma\/index.php?rest_route=%2Fwp%2Fv2%2Fmedia&parent=12278"}],"wp:term":[{"taxonomy":"product_cat","embeddable":true,"href":"https:\/\/baralivres.ma\/index.php?rest_route=%2Fwp%2Fv2%2Fproduct_cat&post=12278"},{"taxonomy":"product_tag","embeddable":true,"href":"https:\/\/baralivres.ma\/index.php?rest_route=%2Fwp%2Fv2%2Fproduct_tag&post=12278"}],"curies":[{"name":"wp","href":"https:\/\/api.w.org\/{rel}","templated":true}]}}