{"id":12272,"date":"2023-09-06T17:30:56","date_gmt":"2023-09-06T16:30:56","guid":{"rendered":"https:\/\/baralivres.ma\/?post_type=product&#038;p=12272"},"modified":"2024-03-29T16:16:39","modified_gmt":"2024-03-29T15:16:39","slug":"detective-conan-tome-68","status":"publish","type":"product","link":"https:\/\/baralivres.ma\/?product=detective-conan-tome-68","title":{"rendered":"D\u00e9tective Conan Tome 68"},"content":{"rendered":"<p>Depuis qu&rsquo;elle a d\u00e9couvert qu&rsquo;elle ressemblait fortement \u00e0 l&rsquo;agent Sato, l&rsquo;institutrice Kobayashi ne sais plus o\u00f9 elle en est. Pour la convaincre, l&rsquo;inspecteur Shiratori doit r\u00e9soudre l&rsquo;affaire o\u00f9 la jeune femme est le t\u00e9moin. Plus tard, Ran organise une rencontre entre ses parents pour f\u00eater l&rsquo;anniversaire de sa m\u00e8re. Malheureusement Kogoro ne se montre gu\u00e8re aimable avec sa femme. La malchance se poursuit pour celle-ci quand elle d\u00e9couvre une femme morte dans sa chambre.<br \/>\nKogoro va tout faire pour prouver son innocence. Plus tard, l&rsquo;oncle de Sonoko demande l&rsquo;aide des jeunes d\u00e9tectives pour emp\u00eacher le Kid de voler un autre de ses bijoux. Le voleur r\u00e9ussit tout de m\u00eame \u00e0 s&#8217;emparer de l&rsquo;objet et met Conan au tapis. Ses jeunes amis r\u00e9ussiront ils \u00e0 trouver le Kid sans lui? Pour finir, Conan, Kogoro, Ran et Sonoko se rendent au festival du coq. Durant celui-ci, Sonoko se fait voler son sac par un voleur.<br \/>\nLe lendemain, ce m\u00eame voleur poignarde un \u00e9tudiant. Quel est donc le vrai but de ce voleur de sac ?<\/p>\n","protected":false},"excerpt":{"rendered":"<p>Depuis qu&rsquo;elle a d\u00e9couvert qu&rsquo;elle ressemblait fortement \u00e0 l&rsquo;agent Sato, l&rsquo;institutrice Kobayashi ne sais plus o\u00f9 elle en est. Pour la convaincre, l&rsquo;inspecteur Shiratori doit r\u00e9soudre l&rsquo;affaire o\u00f9 la jeune femme est le t\u00e9moin. Plus tard, Ran organise une rencontre entre ses parents pour f\u00eater l&rsquo;anniversaire de sa m\u00e8re. Malheureusement Kogoro ne se montre gu\u00e8re aimable avec sa femme. La malchance se poursuit pour celle-ci quand elle d\u00e9couvre une femme morte dans sa chambre.<br \/>\nKogoro va tout faire pour prouver son innocence. Plus tard, l&rsquo;oncle de Sonoko demande l&rsquo;aide des jeunes d\u00e9tectives pour emp\u00eacher le Kid de voler un autre de ses bijoux. Le voleur r\u00e9ussit tout de m\u00eame \u00e0 s&#8217;emparer de l&rsquo;objet et met Conan au tapis. Ses jeunes amis r\u00e9ussiront ils \u00e0 trouver le Kid sans lui? Pour finir, Conan, Kogoro, Ran et Sonoko se rendent au festival du coq. Durant celui-ci, Sonoko se fait voler son sac par un voleur.<br \/>\nLe lendemain, ce m\u00eame voleur poignarde un \u00e9tudiant. Quel est donc le vrai but de ce voleur de sac ?<\/p>\n","protected":false},"featured_media":12273,"comment_status":"open","ping_status":"closed","template":"","meta":{"inline_featured_image":false},"product_cat":[203,204,205,3683],"product_tag":[],"class_list":{"0":"post-12272","1":"product","2":"type-product","3":"status-publish","4":"has-post-thumbnail","6":"product_cat-adolescente","7":"product_cat-francais","8":"product_cat-enfant-adolescente-francais","9":"product_cat-conan","11":"first","12":"instock","13":"shipping-taxable","14":"purchasable","15":"product-type-simple"},"_links":{"self":[{"href":"https:\/\/baralivres.ma\/index.php?rest_route=\/wp\/v2\/product\/12272","targetHints":{"allow":["GET"]}}],"collection":[{"href":"https:\/\/baralivres.ma\/index.php?rest_route=\/wp\/v2\/product"}],"about":[{"href":"https:\/\/baralivres.ma\/index.php?rest_route=\/wp\/v2\/types\/product"}],"replies":[{"embeddable":true,"href":"https:\/\/baralivres.ma\/index.php?rest_route=%2Fwp%2Fv2%2Fcomments&post=12272"}],"version-history":[{"count":1,"href":"https:\/\/baralivres.ma\/index.php?rest_route=\/wp\/v2\/product\/12272\/revisions"}],"predecessor-version":[{"id":12274,"href":"https:\/\/baralivres.ma\/index.php?rest_route=\/wp\/v2\/product\/12272\/revisions\/12274"}],"wp:featuredmedia":[{"embeddable":true,"href":"https:\/\/baralivres.ma\/index.php?rest_route=\/wp\/v2\/media\/12273"}],"wp:attachment":[{"href":"https:\/\/baralivres.ma\/index.php?rest_route=%2Fwp%2Fv2%2Fmedia&parent=12272"}],"wp:term":[{"taxonomy":"product_cat","embeddable":true,"href":"https:\/\/baralivres.ma\/index.php?rest_route=%2Fwp%2Fv2%2Fproduct_cat&post=12272"},{"taxonomy":"product_tag","embeddable":true,"href":"https:\/\/baralivres.ma\/index.php?rest_route=%2Fwp%2Fv2%2Fproduct_tag&post=12272"}],"curies":[{"name":"wp","href":"https:\/\/api.w.org\/{rel}","templated":true}]}}