{"id":12260,"date":"2023-09-06T17:20:21","date_gmt":"2023-09-06T16:20:21","guid":{"rendered":"https:\/\/baralivres.ma\/?post_type=product&#038;p=12260"},"modified":"2024-03-29T16:23:04","modified_gmt":"2024-03-29T15:23:04","slug":"detective-conan-tome-73","status":"publish","type":"product","link":"https:\/\/baralivres.ma\/?product=detective-conan-tome-73","title":{"rendered":"D\u00e9tective Conan Tome 73"},"content":{"rendered":"<p>Ami ou ennemi ? Conan a-t-il rencontr\u00e9 un nouveau rival ? Surgissant de nulle part, ce personnage dit \u00eatre un d\u00e9tective. Mais qui est-il vraiment ? Retrouvez dans ce volume la fin du \u00ab\u00a0gardien du temps\u00a0\u00bb, l\u2019affaire des ramen \u00e0 tomber raide mort, et ce nouveau personnage qui s\u2019implique dans deux affaires, dont l\u2019une est une prise d\u2019otages dans le bureau de Kogoro Mouri !!<\/p>\n","protected":false},"excerpt":{"rendered":"<p>Ami ou ennemi ? Conan a-t-il rencontr\u00e9 un nouveau rival ? Surgissant de nulle part, ce personnage dit \u00eatre un d\u00e9tective. Mais qui est-il vraiment ? Retrouvez dans ce volume la fin du \u00ab\u00a0gardien du temps\u00a0\u00bb, l\u2019affaire des ramen \u00e0 tomber raide mort, et ce nouveau personnage qui s\u2019implique dans deux affaires, dont l\u2019une est une prise d\u2019otages dans le bureau de Kogoro Mouri !!<\/p>\n","protected":false},"featured_media":12261,"comment_status":"open","ping_status":"closed","template":"","meta":{"inline_featured_image":false},"product_cat":[203,204,205,3683],"product_tag":[],"class_list":{"0":"post-12260","1":"product","2":"type-product","3":"status-publish","4":"has-post-thumbnail","6":"product_cat-adolescente","7":"product_cat-francais","8":"product_cat-enfant-adolescente-francais","9":"product_cat-conan","11":"first","12":"instock","13":"shipping-taxable","14":"purchasable","15":"product-type-simple"},"_links":{"self":[{"href":"https:\/\/baralivres.ma\/index.php?rest_route=\/wp\/v2\/product\/12260","targetHints":{"allow":["GET"]}}],"collection":[{"href":"https:\/\/baralivres.ma\/index.php?rest_route=\/wp\/v2\/product"}],"about":[{"href":"https:\/\/baralivres.ma\/index.php?rest_route=\/wp\/v2\/types\/product"}],"replies":[{"embeddable":true,"href":"https:\/\/baralivres.ma\/index.php?rest_route=%2Fwp%2Fv2%2Fcomments&post=12260"}],"version-history":[{"count":1,"href":"https:\/\/baralivres.ma\/index.php?rest_route=\/wp\/v2\/product\/12260\/revisions"}],"predecessor-version":[{"id":12262,"href":"https:\/\/baralivres.ma\/index.php?rest_route=\/wp\/v2\/product\/12260\/revisions\/12262"}],"wp:featuredmedia":[{"embeddable":true,"href":"https:\/\/baralivres.ma\/index.php?rest_route=\/wp\/v2\/media\/12261"}],"wp:attachment":[{"href":"https:\/\/baralivres.ma\/index.php?rest_route=%2Fwp%2Fv2%2Fmedia&parent=12260"}],"wp:term":[{"taxonomy":"product_cat","embeddable":true,"href":"https:\/\/baralivres.ma\/index.php?rest_route=%2Fwp%2Fv2%2Fproduct_cat&post=12260"},{"taxonomy":"product_tag","embeddable":true,"href":"https:\/\/baralivres.ma\/index.php?rest_route=%2Fwp%2Fv2%2Fproduct_tag&post=12260"}],"curies":[{"name":"wp","href":"https:\/\/api.w.org\/{rel}","templated":true}]}}