{"id":12257,"date":"2023-09-06T17:19:10","date_gmt":"2023-09-06T16:19:10","guid":{"rendered":"https:\/\/baralivres.ma\/?post_type=product&#038;p=12257"},"modified":"2025-04-12T09:38:45","modified_gmt":"2025-04-12T08:38:45","slug":"detective-conan-tome-3","status":"publish","type":"product","link":"https:\/\/baralivres.ma\/?product=detective-conan-tome-3","title":{"rendered":"D\u00e9tective Conan Tome 3"},"content":{"rendered":"<p>Enigmes principales : Le chef de la famille Takemoto est assassin\u00e9 en chambre close sur un bateau de croisi\u00e8re. Enqu\u00eate sur la disparition d&rsquo;un petit gar\u00e7on. Premiers soup\u00e7ons de Ran \u00e0 propos de l&rsquo;identit\u00e9 de Conan.<\/p>\n","protected":false},"excerpt":{"rendered":"<p>Enigmes principales : Le chef de la famille Takemoto est assassin\u00e9 en chambre close sur un bateau de croisi\u00e8re. Enqu\u00eate sur la disparition d&rsquo;un petit gar\u00e7on. Premiers soup\u00e7ons de Ran \u00e0 propos de l&rsquo;identit\u00e9 de Conan.<\/p>\n","protected":false},"featured_media":12258,"comment_status":"open","ping_status":"closed","template":"","meta":{"inline_featured_image":false},"product_cat":[4229,203,204,205,3683],"product_tag":[],"class_list":{"0":"post-12257","1":"product","2":"type-product","3":"status-publish","4":"has-post-thumbnail","6":"product_cat-bibliotheque_a_moins-cher","7":"product_cat-adolescente","8":"product_cat-francais","9":"product_cat-enfant-adolescente-francais","10":"product_cat-conan","12":"first","13":"instock","14":"sale","15":"shipping-taxable","16":"purchasable","17":"product-type-simple"},"_links":{"self":[{"href":"https:\/\/baralivres.ma\/index.php?rest_route=\/wp\/v2\/product\/12257","targetHints":{"allow":["GET"]}}],"collection":[{"href":"https:\/\/baralivres.ma\/index.php?rest_route=\/wp\/v2\/product"}],"about":[{"href":"https:\/\/baralivres.ma\/index.php?rest_route=\/wp\/v2\/types\/product"}],"replies":[{"embeddable":true,"href":"https:\/\/baralivres.ma\/index.php?rest_route=%2Fwp%2Fv2%2Fcomments&post=12257"}],"version-history":[{"count":1,"href":"https:\/\/baralivres.ma\/index.php?rest_route=\/wp\/v2\/product\/12257\/revisions"}],"predecessor-version":[{"id":12259,"href":"https:\/\/baralivres.ma\/index.php?rest_route=\/wp\/v2\/product\/12257\/revisions\/12259"}],"wp:featuredmedia":[{"embeddable":true,"href":"https:\/\/baralivres.ma\/index.php?rest_route=\/wp\/v2\/media\/12258"}],"wp:attachment":[{"href":"https:\/\/baralivres.ma\/index.php?rest_route=%2Fwp%2Fv2%2Fmedia&parent=12257"}],"wp:term":[{"taxonomy":"product_cat","embeddable":true,"href":"https:\/\/baralivres.ma\/index.php?rest_route=%2Fwp%2Fv2%2Fproduct_cat&post=12257"},{"taxonomy":"product_tag","embeddable":true,"href":"https:\/\/baralivres.ma\/index.php?rest_route=%2Fwp%2Fv2%2Fproduct_tag&post=12257"}],"curies":[{"name":"wp","href":"https:\/\/api.w.org\/{rel}","templated":true}]}}