{"id":12251,"date":"2023-09-06T17:16:43","date_gmt":"2023-09-06T16:16:43","guid":{"rendered":"https:\/\/baralivres.ma\/?post_type=product&#038;p=12251"},"modified":"2025-04-12T09:38:32","modified_gmt":"2025-04-12T08:38:32","slug":"detective-conan-tome-2","status":"publish","type":"product","link":"https:\/\/baralivres.ma\/?product=detective-conan-tome-2","title":{"rendered":"D\u00e9tective Conan Tome 2"},"content":{"rendered":"<p>Conan fait sa rentr\u00e9e \u00e0 l&rsquo;\u00e9cole primaire. Il r\u00e9sout plusieurs enqu\u00eates : la grande f\u00eate du feu, le casse des 100 millions et la maison hant\u00e9e avec les D\u00e9tectives-Boys. C&rsquo;est la rencontre avec Ayumi, Genta et Mitsuhiko. C&rsquo;est \u00e9galement, la premi\u00e8re affaire o\u00f9 Conan retrouve les hommes en noir.<\/p>\n","protected":false},"excerpt":{"rendered":"<p>Conan fait sa rentr\u00e9e \u00e0 l&rsquo;\u00e9cole primaire. Il r\u00e9sout plusieurs enqu\u00eates : la grande f\u00eate du feu, le casse des 100 millions et la maison hant\u00e9e avec les D\u00e9tectives-Boys. C&rsquo;est la rencontre avec Ayumi, Genta et Mitsuhiko. C&rsquo;est \u00e9galement, la premi\u00e8re affaire o\u00f9 Conan retrouve les hommes en noir.<\/p>\n","protected":false},"featured_media":12252,"comment_status":"open","ping_status":"closed","template":"","meta":{"inline_featured_image":false},"product_cat":[4229,203,204,205,3683],"product_tag":[],"class_list":{"0":"post-12251","1":"product","2":"type-product","3":"status-publish","4":"has-post-thumbnail","6":"product_cat-bibliotheque_a_moins-cher","7":"product_cat-adolescente","8":"product_cat-francais","9":"product_cat-enfant-adolescente-francais","10":"product_cat-conan","12":"first","13":"instock","14":"sale","15":"shipping-taxable","16":"purchasable","17":"product-type-simple"},"_links":{"self":[{"href":"https:\/\/baralivres.ma\/index.php?rest_route=\/wp\/v2\/product\/12251","targetHints":{"allow":["GET"]}}],"collection":[{"href":"https:\/\/baralivres.ma\/index.php?rest_route=\/wp\/v2\/product"}],"about":[{"href":"https:\/\/baralivres.ma\/index.php?rest_route=\/wp\/v2\/types\/product"}],"replies":[{"embeddable":true,"href":"https:\/\/baralivres.ma\/index.php?rest_route=%2Fwp%2Fv2%2Fcomments&post=12251"}],"version-history":[{"count":1,"href":"https:\/\/baralivres.ma\/index.php?rest_route=\/wp\/v2\/product\/12251\/revisions"}],"predecessor-version":[{"id":12253,"href":"https:\/\/baralivres.ma\/index.php?rest_route=\/wp\/v2\/product\/12251\/revisions\/12253"}],"wp:featuredmedia":[{"embeddable":true,"href":"https:\/\/baralivres.ma\/index.php?rest_route=\/wp\/v2\/media\/12252"}],"wp:attachment":[{"href":"https:\/\/baralivres.ma\/index.php?rest_route=%2Fwp%2Fv2%2Fmedia&parent=12251"}],"wp:term":[{"taxonomy":"product_cat","embeddable":true,"href":"https:\/\/baralivres.ma\/index.php?rest_route=%2Fwp%2Fv2%2Fproduct_cat&post=12251"},{"taxonomy":"product_tag","embeddable":true,"href":"https:\/\/baralivres.ma\/index.php?rest_route=%2Fwp%2Fv2%2Fproduct_tag&post=12251"}],"curies":[{"name":"wp","href":"https:\/\/api.w.org\/{rel}","templated":true}]}}