{"id":12245,"date":"2023-09-06T17:14:06","date_gmt":"2023-09-06T16:14:06","guid":{"rendered":"https:\/\/baralivres.ma\/?post_type=product&#038;p=12245"},"modified":"2024-03-29T16:23:03","modified_gmt":"2024-03-29T15:23:03","slug":"detective-conan-tome-75","status":"publish","type":"product","link":"https:\/\/baralivres.ma\/?product=detective-conan-tome-75","title":{"rendered":"D\u00e9tective Conan Tome 75"},"content":{"rendered":"<p>Un nouveau d\u00e9tective, Touru Amuro, entre en sc\u00e8ne ! Quelles sont les intentions de ce jeune homme qui prend les devants pour essayer de r\u00e9soudre une affaire ?! Dans ce tome, le d\u00e9nouement de l&rsquo;affaire du meurtre du pr\u00e9sident de la soci\u00e9t\u00e9 de design, pour lequel Heiji et Conan s&rsquo;affrontent dans un duel de d\u00e9ductions ; les prodigieuses d\u00e9ductions du faux Kogoro ; l&rsquo;intrigue des voitures saccag\u00e9es en s\u00e9rie par un vandale et l&rsquo;affaire du meurtre d&rsquo;une future jeune mari\u00e9e !!<\/p>\n","protected":false},"excerpt":{"rendered":"<p>Un nouveau d\u00e9tective, Touru Amuro, entre en sc\u00e8ne ! Quelles sont les intentions de ce jeune homme qui prend les devants pour essayer de r\u00e9soudre une affaire ?! Dans ce tome, le d\u00e9nouement de l&rsquo;affaire du meurtre du pr\u00e9sident de la soci\u00e9t\u00e9 de design, pour lequel Heiji et Conan s&rsquo;affrontent dans un duel de d\u00e9ductions ; les prodigieuses d\u00e9ductions du faux Kogoro ; l&rsquo;intrigue des voitures saccag\u00e9es en s\u00e9rie par un vandale et l&rsquo;affaire du meurtre d&rsquo;une future jeune mari\u00e9e !!<\/p>\n","protected":false},"featured_media":12246,"comment_status":"open","ping_status":"closed","template":"","meta":{"inline_featured_image":false},"product_cat":[203,204,205,3683],"product_tag":[],"class_list":{"0":"post-12245","1":"product","2":"type-product","3":"status-publish","4":"has-post-thumbnail","6":"product_cat-adolescente","7":"product_cat-francais","8":"product_cat-enfant-adolescente-francais","9":"product_cat-conan","11":"first","12":"instock","13":"shipping-taxable","14":"purchasable","15":"product-type-simple"},"_links":{"self":[{"href":"https:\/\/baralivres.ma\/index.php?rest_route=\/wp\/v2\/product\/12245","targetHints":{"allow":["GET"]}}],"collection":[{"href":"https:\/\/baralivres.ma\/index.php?rest_route=\/wp\/v2\/product"}],"about":[{"href":"https:\/\/baralivres.ma\/index.php?rest_route=\/wp\/v2\/types\/product"}],"replies":[{"embeddable":true,"href":"https:\/\/baralivres.ma\/index.php?rest_route=%2Fwp%2Fv2%2Fcomments&post=12245"}],"version-history":[{"count":1,"href":"https:\/\/baralivres.ma\/index.php?rest_route=\/wp\/v2\/product\/12245\/revisions"}],"predecessor-version":[{"id":12247,"href":"https:\/\/baralivres.ma\/index.php?rest_route=\/wp\/v2\/product\/12245\/revisions\/12247"}],"wp:featuredmedia":[{"embeddable":true,"href":"https:\/\/baralivres.ma\/index.php?rest_route=\/wp\/v2\/media\/12246"}],"wp:attachment":[{"href":"https:\/\/baralivres.ma\/index.php?rest_route=%2Fwp%2Fv2%2Fmedia&parent=12245"}],"wp:term":[{"taxonomy":"product_cat","embeddable":true,"href":"https:\/\/baralivres.ma\/index.php?rest_route=%2Fwp%2Fv2%2Fproduct_cat&post=12245"},{"taxonomy":"product_tag","embeddable":true,"href":"https:\/\/baralivres.ma\/index.php?rest_route=%2Fwp%2Fv2%2Fproduct_tag&post=12245"}],"curies":[{"name":"wp","href":"https:\/\/api.w.org\/{rel}","templated":true}]}}