{"id":12230,"date":"2023-09-06T17:05:17","date_gmt":"2023-09-06T16:05:17","guid":{"rendered":"https:\/\/baralivres.ma\/?post_type=product&#038;p=12230"},"modified":"2024-03-29T16:23:01","modified_gmt":"2024-03-29T15:23:01","slug":"detective-conan-tome-81","status":"publish","type":"product","link":"https:\/\/baralivres.ma\/?product=detective-conan-tome-81","title":{"rendered":"D\u00e9tective Conan Tome 81"},"content":{"rendered":"<p>Alors qu&rsquo;il s&rsquo;est arrang\u00e9 pour retrouver l&rsquo;agent Jodie dans un temple, notre h\u00e9ros se retrouve de nouveau confront\u00e9 \u00e0 un meurtre. La victime est une pickpocket qui laisse trois pi\u00e8ces noires dans les poches de ses victimes. Conan pense que c&rsquo;est une de celles-ci l&rsquo;assassin, mais toutes ont encore en leur possession leurs trois pi\u00e8ces. Plus tard, il vient en aide \u00e0 Kogoro qui enqu\u00eate dans un bar \u00e0 la demande de la serveuse qui a entendu de dr\u00f4les de bruits.<br \/>\nL&rsquo;enqu\u00eate, d&rsquo;abord anodine, change quand \u00e0 une table, le patron d&rsquo;une soci\u00e9t\u00e9 est assassin\u00e9. Plus tard, Conan et Ran retrouvent Sera qui enqu\u00eate sur la fid\u00e9lit\u00e9 d&rsquo;un homme. Ce dernier devient un suspect quand son ex est retrouv\u00e9e morte. Enfin Conan doit r\u00e9soudre le meurtre d&rsquo;un prof. Et cela ne sera pas facile car dans les suspects se trouve Makoto, le petit ami de Sonoko.<\/p>\n","protected":false},"excerpt":{"rendered":"<p>Alors qu&rsquo;il s&rsquo;est arrang\u00e9 pour retrouver l&rsquo;agent Jodie dans un temple, notre h\u00e9ros se retrouve de nouveau confront\u00e9 \u00e0 un meurtre. La victime est une pickpocket qui laisse trois pi\u00e8ces noires dans les poches de ses victimes. Conan pense que c&rsquo;est une de celles-ci l&rsquo;assassin, mais toutes ont encore en leur possession leurs trois pi\u00e8ces. Plus tard, il vient en aide \u00e0 Kogoro qui enqu\u00eate dans un bar \u00e0 la demande de la serveuse qui a entendu de dr\u00f4les de bruits.<br \/>\nL&rsquo;enqu\u00eate, d&rsquo;abord anodine, change quand \u00e0 une table, le patron d&rsquo;une soci\u00e9t\u00e9 est assassin\u00e9. Plus tard, Conan et Ran retrouvent Sera qui enqu\u00eate sur la fid\u00e9lit\u00e9 d&rsquo;un homme. Ce dernier devient un suspect quand son ex est retrouv\u00e9e morte. Enfin Conan doit r\u00e9soudre le meurtre d&rsquo;un prof. Et cela ne sera pas facile car dans les suspects se trouve Makoto, le petit ami de Sonoko.<\/p>\n","protected":false},"featured_media":12231,"comment_status":"open","ping_status":"closed","template":"","meta":{"inline_featured_image":false},"product_cat":[203,204,205,3683],"product_tag":[],"class_list":{"0":"post-12230","1":"product","2":"type-product","3":"status-publish","4":"has-post-thumbnail","6":"product_cat-adolescente","7":"product_cat-francais","8":"product_cat-enfant-adolescente-francais","9":"product_cat-conan","11":"first","12":"instock","13":"shipping-taxable","14":"purchasable","15":"product-type-simple"},"_links":{"self":[{"href":"https:\/\/baralivres.ma\/index.php?rest_route=\/wp\/v2\/product\/12230","targetHints":{"allow":["GET"]}}],"collection":[{"href":"https:\/\/baralivres.ma\/index.php?rest_route=\/wp\/v2\/product"}],"about":[{"href":"https:\/\/baralivres.ma\/index.php?rest_route=\/wp\/v2\/types\/product"}],"replies":[{"embeddable":true,"href":"https:\/\/baralivres.ma\/index.php?rest_route=%2Fwp%2Fv2%2Fcomments&post=12230"}],"version-history":[{"count":1,"href":"https:\/\/baralivres.ma\/index.php?rest_route=\/wp\/v2\/product\/12230\/revisions"}],"predecessor-version":[{"id":12232,"href":"https:\/\/baralivres.ma\/index.php?rest_route=\/wp\/v2\/product\/12230\/revisions\/12232"}],"wp:featuredmedia":[{"embeddable":true,"href":"https:\/\/baralivres.ma\/index.php?rest_route=\/wp\/v2\/media\/12231"}],"wp:attachment":[{"href":"https:\/\/baralivres.ma\/index.php?rest_route=%2Fwp%2Fv2%2Fmedia&parent=12230"}],"wp:term":[{"taxonomy":"product_cat","embeddable":true,"href":"https:\/\/baralivres.ma\/index.php?rest_route=%2Fwp%2Fv2%2Fproduct_cat&post=12230"},{"taxonomy":"product_tag","embeddable":true,"href":"https:\/\/baralivres.ma\/index.php?rest_route=%2Fwp%2Fv2%2Fproduct_tag&post=12230"}],"curies":[{"name":"wp","href":"https:\/\/api.w.org\/{rel}","templated":true}]}}