{"id":12227,"date":"2023-09-06T17:02:56","date_gmt":"2023-09-06T16:02:56","guid":{"rendered":"https:\/\/baralivres.ma\/?post_type=product&#038;p=12227"},"modified":"2024-03-29T16:23:02","modified_gmt":"2024-03-29T15:23:02","slug":"detective-conan-tome-80","status":"publish","type":"product","link":"https:\/\/baralivres.ma\/?product=detective-conan-tome-80","title":{"rendered":"D\u00e9tective Conan Tome 80"},"content":{"rendered":"<p>Imaginez un Sherlock Holmes moderne, \u00e2g\u00e9 d&rsquo;\u00e0 peine 17 ans, vivant \u00e0 la fin des ann\u00e9es 1990! Comme si cela ne suffisait pas, imaginez en outre qu&rsquo;il a l&rsquo;apparence d&rsquo;un petit gar\u00e7on de 6 ans\u2026 Quand le style du Britannique Conan Doyle se conjugue avec celui du Nippon Edogawa Rampo, cela donne naissance \u00e0 Conan Edogawa, le d\u00e9tective le plus fut\u00e9 de sa g\u00e9n\u00e9ration! Victime d&rsquo;une myst\u00e9rieuse organisation d&rsquo;hommes en noir qui l&rsquo;ont empoisonn\u00e9 et l&rsquo;ont ainsi fait redevenir un enfant, cet adolescent se retrouve contraint de retourner \u00e0 l&rsquo;\u00e9cole primaire et, tout en veillant \u00e0 ce que le secret de sa nouvelle identit\u00e9 soit pr\u00e9serv\u00e9, il m\u00e8ne des enqu\u00eates et r\u00e9sout des affaires t\u00e9n\u00e9breuses et autres meurtres inexpliqu\u00e9s.<\/p>\n<h1 class=\"product-title\"><\/h1>\n","protected":false},"excerpt":{"rendered":"<p>Imaginez un Sherlock Holmes moderne, \u00e2g\u00e9 d&rsquo;\u00e0 peine 17 ans, vivant \u00e0 la fin des ann\u00e9es 1990! Comme si cela ne suffisait pas, imaginez en outre qu&rsquo;il a l&rsquo;apparence d&rsquo;un petit gar\u00e7on de 6 ans\u2026 Quand le style du Britannique Conan Doyle se conjugue avec celui du Nippon Edogawa Rampo, cela donne naissance \u00e0 Conan Edogawa, le d\u00e9tective le plus fut\u00e9 de sa g\u00e9n\u00e9ration! Victime d&rsquo;une myst\u00e9rieuse organisation d&rsquo;hommes en noir qui l&rsquo;ont empoisonn\u00e9 et l&rsquo;ont ainsi fait redevenir un enfant, cet adolescent se retrouve contraint de retourner \u00e0 l&rsquo;\u00e9cole primaire et, tout en veillant \u00e0 ce que le secret de sa nouvelle identit\u00e9 soit pr\u00e9serv\u00e9, il m\u00e8ne des enqu\u00eates et r\u00e9sout des affaires t\u00e9n\u00e9breuses et autres meurtres inexpliqu\u00e9s.<\/p>\n","protected":false},"featured_media":12228,"comment_status":"open","ping_status":"closed","template":"","meta":{"inline_featured_image":false},"product_cat":[203,204,205,3683],"product_tag":[],"class_list":{"0":"post-12227","1":"product","2":"type-product","3":"status-publish","4":"has-post-thumbnail","6":"product_cat-adolescente","7":"product_cat-francais","8":"product_cat-enfant-adolescente-francais","9":"product_cat-conan","11":"first","12":"instock","13":"shipping-taxable","14":"purchasable","15":"product-type-simple"},"_links":{"self":[{"href":"https:\/\/baralivres.ma\/index.php?rest_route=\/wp\/v2\/product\/12227","targetHints":{"allow":["GET"]}}],"collection":[{"href":"https:\/\/baralivres.ma\/index.php?rest_route=\/wp\/v2\/product"}],"about":[{"href":"https:\/\/baralivres.ma\/index.php?rest_route=\/wp\/v2\/types\/product"}],"replies":[{"embeddable":true,"href":"https:\/\/baralivres.ma\/index.php?rest_route=%2Fwp%2Fv2%2Fcomments&post=12227"}],"version-history":[{"count":1,"href":"https:\/\/baralivres.ma\/index.php?rest_route=\/wp\/v2\/product\/12227\/revisions"}],"predecessor-version":[{"id":12229,"href":"https:\/\/baralivres.ma\/index.php?rest_route=\/wp\/v2\/product\/12227\/revisions\/12229"}],"wp:featuredmedia":[{"embeddable":true,"href":"https:\/\/baralivres.ma\/index.php?rest_route=\/wp\/v2\/media\/12228"}],"wp:attachment":[{"href":"https:\/\/baralivres.ma\/index.php?rest_route=%2Fwp%2Fv2%2Fmedia&parent=12227"}],"wp:term":[{"taxonomy":"product_cat","embeddable":true,"href":"https:\/\/baralivres.ma\/index.php?rest_route=%2Fwp%2Fv2%2Fproduct_cat&post=12227"},{"taxonomy":"product_tag","embeddable":true,"href":"https:\/\/baralivres.ma\/index.php?rest_route=%2Fwp%2Fv2%2Fproduct_tag&post=12227"}],"curies":[{"name":"wp","href":"https:\/\/api.w.org\/{rel}","templated":true}]}}