{"id":12224,"date":"2023-09-06T16:57:16","date_gmt":"2023-09-06T15:57:16","guid":{"rendered":"https:\/\/baralivres.ma\/?post_type=product&#038;p=12224"},"modified":"2024-03-29T16:23:03","modified_gmt":"2024-03-29T15:23:03","slug":"detective-conan-tome-77","status":"publish","type":"product","link":"https:\/\/baralivres.ma\/?product=detective-conan-tome-77","title":{"rendered":"D\u00e9tective Conan Tome 77"},"content":{"rendered":"<p>Conan met tout en oeuvre pour retrouver l&rsquo;inspecteur Takagi qui a \u00e9t\u00e9 enlev\u00e9, et son sauvetage risque d&rsquo;\u00eatre rocambolesque ! Et c&rsquo;est \u00e0 peine remis de ses \u00e9motions que Takagi se lance sur une nouvelle enqu\u00eate !<\/p>\n","protected":false},"excerpt":{"rendered":"<p>Conan met tout en oeuvre pour retrouver l&rsquo;inspecteur Takagi qui a \u00e9t\u00e9 enlev\u00e9, et son sauvetage risque d&rsquo;\u00eatre rocambolesque ! Et c&rsquo;est \u00e0 peine remis de ses \u00e9motions que Takagi se lance sur une nouvelle enqu\u00eate !<\/p>\n","protected":false},"featured_media":12225,"comment_status":"open","ping_status":"closed","template":"","meta":{"inline_featured_image":false},"product_cat":[203,204,205,3683],"product_tag":[],"class_list":{"0":"post-12224","1":"product","2":"type-product","3":"status-publish","4":"has-post-thumbnail","6":"product_cat-adolescente","7":"product_cat-francais","8":"product_cat-enfant-adolescente-francais","9":"product_cat-conan","11":"first","12":"instock","13":"shipping-taxable","14":"purchasable","15":"product-type-simple"},"_links":{"self":[{"href":"https:\/\/baralivres.ma\/index.php?rest_route=\/wp\/v2\/product\/12224","targetHints":{"allow":["GET"]}}],"collection":[{"href":"https:\/\/baralivres.ma\/index.php?rest_route=\/wp\/v2\/product"}],"about":[{"href":"https:\/\/baralivres.ma\/index.php?rest_route=\/wp\/v2\/types\/product"}],"replies":[{"embeddable":true,"href":"https:\/\/baralivres.ma\/index.php?rest_route=%2Fwp%2Fv2%2Fcomments&post=12224"}],"version-history":[{"count":1,"href":"https:\/\/baralivres.ma\/index.php?rest_route=\/wp\/v2\/product\/12224\/revisions"}],"predecessor-version":[{"id":12226,"href":"https:\/\/baralivres.ma\/index.php?rest_route=\/wp\/v2\/product\/12224\/revisions\/12226"}],"wp:featuredmedia":[{"embeddable":true,"href":"https:\/\/baralivres.ma\/index.php?rest_route=\/wp\/v2\/media\/12225"}],"wp:attachment":[{"href":"https:\/\/baralivres.ma\/index.php?rest_route=%2Fwp%2Fv2%2Fmedia&parent=12224"}],"wp:term":[{"taxonomy":"product_cat","embeddable":true,"href":"https:\/\/baralivres.ma\/index.php?rest_route=%2Fwp%2Fv2%2Fproduct_cat&post=12224"},{"taxonomy":"product_tag","embeddable":true,"href":"https:\/\/baralivres.ma\/index.php?rest_route=%2Fwp%2Fv2%2Fproduct_tag&post=12224"}],"curies":[{"name":"wp","href":"https:\/\/api.w.org\/{rel}","templated":true}]}}