{"id":12220,"date":"2023-09-06T16:50:30","date_gmt":"2023-09-06T15:50:30","guid":{"rendered":"https:\/\/baralivres.ma\/?post_type=product&#038;p=12220"},"modified":"2024-04-03T13:57:22","modified_gmt":"2024-04-03T12:57:22","slug":"assassination-classroom-tome-21","status":"publish","type":"product","link":"https:\/\/baralivres.ma\/?product=assassination-classroom-tome-21","title":{"rendered":"Assassination Classroom Tome 21"},"content":{"rendered":"<div class=\"fp-wide--block--header\">\n<h2 class=\"primary-title\"><\/h2>\n<\/div>\n<div class=\"content\">Quel chemin vont prendre Nagisa et ses camarades de la classe 3-E apr\u00e8s le coll\u00e8ge ? Voici la fin \u00e9mouvante d&rsquo;Assassination classroom ! D\u00e9couvrez \u00e9galement une histoire in\u00e9dite sur la vie priv\u00e9e de M. Koro !<\/div>\n","protected":false},"excerpt":{"rendered":"<div class=\"fp-wide--block--header\">\n<h2 class=\"primary-title\"><\/h2>\n<\/div>\n<div class=\"content\">Quel chemin vont prendre Nagisa et ses camarades de la classe 3-E apr\u00e8s le coll\u00e8ge ? Voici la fin \u00e9mouvante d&rsquo;Assassination classroom ! D\u00e9couvrez \u00e9galement une histoire in\u00e9dite sur la vie priv\u00e9e de M. Koro !<\/div>\n","protected":false},"featured_media":12221,"comment_status":"open","ping_status":"closed","template":"","meta":{"inline_featured_image":false},"product_cat":[203,204,205,3687],"product_tag":[],"class_list":{"0":"post-12220","1":"product","2":"type-product","3":"status-publish","4":"has-post-thumbnail","6":"product_cat-adolescente","7":"product_cat-francais","8":"product_cat-enfant-adolescente-francais","9":"product_cat-assassination-classroom","11":"first","12":"instock","13":"shipping-taxable","14":"purchasable","15":"product-type-simple"},"_links":{"self":[{"href":"https:\/\/baralivres.ma\/index.php?rest_route=\/wp\/v2\/product\/12220","targetHints":{"allow":["GET"]}}],"collection":[{"href":"https:\/\/baralivres.ma\/index.php?rest_route=\/wp\/v2\/product"}],"about":[{"href":"https:\/\/baralivres.ma\/index.php?rest_route=\/wp\/v2\/types\/product"}],"replies":[{"embeddable":true,"href":"https:\/\/baralivres.ma\/index.php?rest_route=%2Fwp%2Fv2%2Fcomments&post=12220"}],"version-history":[{"count":2,"href":"https:\/\/baralivres.ma\/index.php?rest_route=\/wp\/v2\/product\/12220\/revisions"}],"predecessor-version":[{"id":12223,"href":"https:\/\/baralivres.ma\/index.php?rest_route=\/wp\/v2\/product\/12220\/revisions\/12223"}],"wp:featuredmedia":[{"embeddable":true,"href":"https:\/\/baralivres.ma\/index.php?rest_route=\/wp\/v2\/media\/12221"}],"wp:attachment":[{"href":"https:\/\/baralivres.ma\/index.php?rest_route=%2Fwp%2Fv2%2Fmedia&parent=12220"}],"wp:term":[{"taxonomy":"product_cat","embeddable":true,"href":"https:\/\/baralivres.ma\/index.php?rest_route=%2Fwp%2Fv2%2Fproduct_cat&post=12220"},{"taxonomy":"product_tag","embeddable":true,"href":"https:\/\/baralivres.ma\/index.php?rest_route=%2Fwp%2Fv2%2Fproduct_tag&post=12220"}],"curies":[{"name":"wp","href":"https:\/\/api.w.org\/{rel}","templated":true}]}}