{"id":12217,"date":"2023-09-06T16:48:52","date_gmt":"2023-09-06T15:48:52","guid":{"rendered":"https:\/\/baralivres.ma\/?post_type=product&#038;p=12217"},"modified":"2024-04-03T13:57:22","modified_gmt":"2024-04-03T12:57:22","slug":"assassination-classroom-tome-20","status":"publish","type":"product","link":"https:\/\/baralivres.ma\/?product=assassination-classroom-tome-20","title":{"rendered":"Assassination Classroom Tome 20"},"content":{"rendered":"<p>Les \u00e9l\u00e8ves de la classe E sont parvenus \u00e0 retrouver M. Koro. Mais deux ennemis nourris d&rsquo;une violente haine se rapprochent. Quelle sera l&rsquo;issue du dernier combat ? Et quel avenir attend les \u00e9l\u00e8ves ?<\/p>\n","protected":false},"excerpt":{"rendered":"<p>Les \u00e9l\u00e8ves de la classe E sont parvenus \u00e0 retrouver M. Koro. Mais deux ennemis nourris d&rsquo;une violente haine se rapprochent. Quelle sera l&rsquo;issue du dernier combat ? Et quel avenir attend les \u00e9l\u00e8ves ?<\/p>\n","protected":false},"featured_media":12218,"comment_status":"open","ping_status":"closed","template":"","meta":{"inline_featured_image":false},"product_cat":[203,204,205,3687],"product_tag":[],"class_list":{"0":"post-12217","1":"product","2":"type-product","3":"status-publish","4":"has-post-thumbnail","6":"product_cat-adolescente","7":"product_cat-francais","8":"product_cat-enfant-adolescente-francais","9":"product_cat-assassination-classroom","11":"first","12":"instock","13":"shipping-taxable","14":"purchasable","15":"product-type-simple"},"_links":{"self":[{"href":"https:\/\/baralivres.ma\/index.php?rest_route=\/wp\/v2\/product\/12217","targetHints":{"allow":["GET"]}}],"collection":[{"href":"https:\/\/baralivres.ma\/index.php?rest_route=\/wp\/v2\/product"}],"about":[{"href":"https:\/\/baralivres.ma\/index.php?rest_route=\/wp\/v2\/types\/product"}],"replies":[{"embeddable":true,"href":"https:\/\/baralivres.ma\/index.php?rest_route=%2Fwp%2Fv2%2Fcomments&post=12217"}],"version-history":[{"count":1,"href":"https:\/\/baralivres.ma\/index.php?rest_route=\/wp\/v2\/product\/12217\/revisions"}],"predecessor-version":[{"id":12219,"href":"https:\/\/baralivres.ma\/index.php?rest_route=\/wp\/v2\/product\/12217\/revisions\/12219"}],"wp:featuredmedia":[{"embeddable":true,"href":"https:\/\/baralivres.ma\/index.php?rest_route=\/wp\/v2\/media\/12218"}],"wp:attachment":[{"href":"https:\/\/baralivres.ma\/index.php?rest_route=%2Fwp%2Fv2%2Fmedia&parent=12217"}],"wp:term":[{"taxonomy":"product_cat","embeddable":true,"href":"https:\/\/baralivres.ma\/index.php?rest_route=%2Fwp%2Fv2%2Fproduct_cat&post=12217"},{"taxonomy":"product_tag","embeddable":true,"href":"https:\/\/baralivres.ma\/index.php?rest_route=%2Fwp%2Fv2%2Fproduct_tag&post=12217"}],"curies":[{"name":"wp","href":"https:\/\/api.w.org\/{rel}","templated":true}]}}