{"id":12208,"date":"2023-09-06T16:44:33","date_gmt":"2023-09-06T15:44:33","guid":{"rendered":"https:\/\/baralivres.ma\/?post_type=product&#038;p=12208"},"modified":"2024-04-03T13:57:21","modified_gmt":"2024-04-03T12:57:21","slug":"assassination-classroom-tome-17","status":"publish","type":"product","link":"https:\/\/baralivres.ma\/?product=assassination-classroom-tome-17","title":{"rendered":"Assassination Classroom Tome 17"},"content":{"rendered":"<p>Alors que la mission d&rsquo;assassinat de M. Koro approche de son d\u00e9nouement, les \u00e9l\u00e8ves de la classe E vont se diviser en deux camps ! Une ambiance inqui\u00e9tante va \u00e9galement s&rsquo;installer entre Nagisa et Karma qui, jusqu&rsquo;\u00e0 pr\u00e9sent, s&rsquo;entendaient \u00e9trangement bien malgr\u00e9 leur grande diff\u00e9rence de caract\u00e8re&#8230;!!<\/p>\n","protected":false},"excerpt":{"rendered":"<p>Alors que la mission d&rsquo;assassinat de M. Koro approche de son d\u00e9nouement, les \u00e9l\u00e8ves de la classe E vont se diviser en deux camps ! Une ambiance inqui\u00e9tante va \u00e9galement s&rsquo;installer entre Nagisa et Karma qui, jusqu&rsquo;\u00e0 pr\u00e9sent, s&rsquo;entendaient \u00e9trangement bien malgr\u00e9 leur grande diff\u00e9rence de caract\u00e8re&#8230;!!<\/p>\n","protected":false},"featured_media":12209,"comment_status":"open","ping_status":"closed","template":"","meta":{"inline_featured_image":false},"product_cat":[203,204,205,3687],"product_tag":[],"class_list":{"0":"post-12208","1":"product","2":"type-product","3":"status-publish","4":"has-post-thumbnail","6":"product_cat-adolescente","7":"product_cat-francais","8":"product_cat-enfant-adolescente-francais","9":"product_cat-assassination-classroom","11":"first","12":"instock","13":"shipping-taxable","14":"purchasable","15":"product-type-simple"},"_links":{"self":[{"href":"https:\/\/baralivres.ma\/index.php?rest_route=\/wp\/v2\/product\/12208","targetHints":{"allow":["GET"]}}],"collection":[{"href":"https:\/\/baralivres.ma\/index.php?rest_route=\/wp\/v2\/product"}],"about":[{"href":"https:\/\/baralivres.ma\/index.php?rest_route=\/wp\/v2\/types\/product"}],"replies":[{"embeddable":true,"href":"https:\/\/baralivres.ma\/index.php?rest_route=%2Fwp%2Fv2%2Fcomments&post=12208"}],"version-history":[{"count":1,"href":"https:\/\/baralivres.ma\/index.php?rest_route=\/wp\/v2\/product\/12208\/revisions"}],"predecessor-version":[{"id":12210,"href":"https:\/\/baralivres.ma\/index.php?rest_route=\/wp\/v2\/product\/12208\/revisions\/12210"}],"wp:featuredmedia":[{"embeddable":true,"href":"https:\/\/baralivres.ma\/index.php?rest_route=\/wp\/v2\/media\/12209"}],"wp:attachment":[{"href":"https:\/\/baralivres.ma\/index.php?rest_route=%2Fwp%2Fv2%2Fmedia&parent=12208"}],"wp:term":[{"taxonomy":"product_cat","embeddable":true,"href":"https:\/\/baralivres.ma\/index.php?rest_route=%2Fwp%2Fv2%2Fproduct_cat&post=12208"},{"taxonomy":"product_tag","embeddable":true,"href":"https:\/\/baralivres.ma\/index.php?rest_route=%2Fwp%2Fv2%2Fproduct_tag&post=12208"}],"curies":[{"name":"wp","href":"https:\/\/api.w.org\/{rel}","templated":true}]}}