{"id":12205,"date":"2023-09-06T16:43:08","date_gmt":"2023-09-06T15:43:08","guid":{"rendered":"https:\/\/baralivres.ma\/?post_type=product&#038;p=12205"},"modified":"2024-04-03T13:57:21","modified_gmt":"2024-04-03T12:57:21","slug":"assassination-classroom-tome-16","status":"publish","type":"product","link":"https:\/\/baralivres.ma\/?product=assassination-classroom-tome-16","title":{"rendered":"Assassination Classroom Tome 16"},"content":{"rendered":"<p>M. Koro a commenc\u00e9 \u00e0 raconter toute la v\u00e9rit\u00e9 sur son pass\u00e9&#8230; Il r\u00e9v\u00e8le que d&rsquo;atroces exp\u00e9rimentations humaines ont eu lieu, ainsi que le lien qu&rsquo;il a tiss\u00e9 avec une femme. Comment les \u00e9l\u00e8ves vont-ils r\u00e9agir en entendant cela ?!<\/p>\n","protected":false},"excerpt":{"rendered":"<p>M. Koro a commenc\u00e9 \u00e0 raconter toute la v\u00e9rit\u00e9 sur son pass\u00e9&#8230; Il r\u00e9v\u00e8le que d&rsquo;atroces exp\u00e9rimentations humaines ont eu lieu, ainsi que le lien qu&rsquo;il a tiss\u00e9 avec une femme. Comment les \u00e9l\u00e8ves vont-ils r\u00e9agir en entendant cela ?!<\/p>\n","protected":false},"featured_media":12206,"comment_status":"open","ping_status":"closed","template":"","meta":{"inline_featured_image":false},"product_cat":[203,204,205,3687],"product_tag":[],"class_list":{"0":"post-12205","1":"product","2":"type-product","3":"status-publish","4":"has-post-thumbnail","6":"product_cat-adolescente","7":"product_cat-francais","8":"product_cat-enfant-adolescente-francais","9":"product_cat-assassination-classroom","11":"first","12":"instock","13":"shipping-taxable","14":"purchasable","15":"product-type-simple"},"_links":{"self":[{"href":"https:\/\/baralivres.ma\/index.php?rest_route=\/wp\/v2\/product\/12205","targetHints":{"allow":["GET"]}}],"collection":[{"href":"https:\/\/baralivres.ma\/index.php?rest_route=\/wp\/v2\/product"}],"about":[{"href":"https:\/\/baralivres.ma\/index.php?rest_route=\/wp\/v2\/types\/product"}],"replies":[{"embeddable":true,"href":"https:\/\/baralivres.ma\/index.php?rest_route=%2Fwp%2Fv2%2Fcomments&post=12205"}],"version-history":[{"count":1,"href":"https:\/\/baralivres.ma\/index.php?rest_route=\/wp\/v2\/product\/12205\/revisions"}],"predecessor-version":[{"id":12207,"href":"https:\/\/baralivres.ma\/index.php?rest_route=\/wp\/v2\/product\/12205\/revisions\/12207"}],"wp:featuredmedia":[{"embeddable":true,"href":"https:\/\/baralivres.ma\/index.php?rest_route=\/wp\/v2\/media\/12206"}],"wp:attachment":[{"href":"https:\/\/baralivres.ma\/index.php?rest_route=%2Fwp%2Fv2%2Fmedia&parent=12205"}],"wp:term":[{"taxonomy":"product_cat","embeddable":true,"href":"https:\/\/baralivres.ma\/index.php?rest_route=%2Fwp%2Fv2%2Fproduct_cat&post=12205"},{"taxonomy":"product_tag","embeddable":true,"href":"https:\/\/baralivres.ma\/index.php?rest_route=%2Fwp%2Fv2%2Fproduct_tag&post=12205"}],"curies":[{"name":"wp","href":"https:\/\/api.w.org\/{rel}","templated":true}]}}