{"id":12202,"date":"2023-09-06T16:41:56","date_gmt":"2023-09-06T15:41:56","guid":{"rendered":"https:\/\/baralivres.ma\/?post_type=product&#038;p=12202"},"modified":"2024-04-03T13:57:20","modified_gmt":"2024-04-03T12:57:20","slug":"assassination-classroom-tome-15","status":"publish","type":"product","link":"https:\/\/baralivres.ma\/?product=assassination-classroom-tome-15","title":{"rendered":"Assassination Classroom Tome 15"},"content":{"rendered":"<p>Un assassin hors du commun, surnomm\u00e9 \u00ab\u00a0le petit monstre\u00a0\u00bb par Shiro, va se r\u00e9veiller ! Son incroyable puissance risque bien de mettre M. Koro au pied du mur. Une v\u00e9ritable temp\u00eate va s&rsquo;abattre sur la classe E ! !<\/p>\n","protected":false},"excerpt":{"rendered":"<p>Un assassin hors du commun, surnomm\u00e9 \u00ab\u00a0le petit monstre\u00a0\u00bb par Shiro, va se r\u00e9veiller ! Son incroyable puissance risque bien de mettre M. Koro au pied du mur. Une v\u00e9ritable temp\u00eate va s&rsquo;abattre sur la classe E ! !<\/p>\n","protected":false},"featured_media":12203,"comment_status":"open","ping_status":"closed","template":"","meta":{"inline_featured_image":false},"product_cat":[203,204,205,3687],"product_tag":[],"class_list":{"0":"post-12202","1":"product","2":"type-product","3":"status-publish","4":"has-post-thumbnail","6":"product_cat-adolescente","7":"product_cat-francais","8":"product_cat-enfant-adolescente-francais","9":"product_cat-assassination-classroom","11":"first","12":"instock","13":"shipping-taxable","14":"purchasable","15":"product-type-simple"},"_links":{"self":[{"href":"https:\/\/baralivres.ma\/index.php?rest_route=\/wp\/v2\/product\/12202","targetHints":{"allow":["GET"]}}],"collection":[{"href":"https:\/\/baralivres.ma\/index.php?rest_route=\/wp\/v2\/product"}],"about":[{"href":"https:\/\/baralivres.ma\/index.php?rest_route=\/wp\/v2\/types\/product"}],"replies":[{"embeddable":true,"href":"https:\/\/baralivres.ma\/index.php?rest_route=%2Fwp%2Fv2%2Fcomments&post=12202"}],"version-history":[{"count":1,"href":"https:\/\/baralivres.ma\/index.php?rest_route=\/wp\/v2\/product\/12202\/revisions"}],"predecessor-version":[{"id":12204,"href":"https:\/\/baralivres.ma\/index.php?rest_route=\/wp\/v2\/product\/12202\/revisions\/12204"}],"wp:featuredmedia":[{"embeddable":true,"href":"https:\/\/baralivres.ma\/index.php?rest_route=\/wp\/v2\/media\/12203"}],"wp:attachment":[{"href":"https:\/\/baralivres.ma\/index.php?rest_route=%2Fwp%2Fv2%2Fmedia&parent=12202"}],"wp:term":[{"taxonomy":"product_cat","embeddable":true,"href":"https:\/\/baralivres.ma\/index.php?rest_route=%2Fwp%2Fv2%2Fproduct_cat&post=12202"},{"taxonomy":"product_tag","embeddable":true,"href":"https:\/\/baralivres.ma\/index.php?rest_route=%2Fwp%2Fv2%2Fproduct_tag&post=12202"}],"curies":[{"name":"wp","href":"https:\/\/api.w.org\/{rel}","templated":true}]}}