{"id":12199,"date":"2023-09-06T16:40:18","date_gmt":"2023-09-06T15:40:18","guid":{"rendered":"https:\/\/baralivres.ma\/?post_type=product&#038;p=12199"},"modified":"2024-04-03T13:57:20","modified_gmt":"2024-04-03T12:57:20","slug":"assassination-classroom-tome-14","status":"publish","type":"product","link":"https:\/\/baralivres.ma\/?product=assassination-classroom-tome-14","title":{"rendered":"Assassination Classroom Tome 14"},"content":{"rendered":"<p>En vue des examens de fin de trimestre, le proviseur Asano d\u00e9cide de prendre en main la classe A ! Mais son fils, Gakush\u00fb, voyant l&rsquo;ambiance anormale qui est en train de s&rsquo;installer dans sa classe qui voue une haine farouche \u00e0 la classe E, va faire une \u00e9tonnante demande aux \u00e9l\u00e8ves de M. Koro ! Qu&rsquo;est-il donc en train de manigancer\u2026 ? !<\/p>\n","protected":false},"excerpt":{"rendered":"<p>En vue des examens de fin de trimestre, le proviseur Asano d\u00e9cide de prendre en main la classe A ! Mais son fils, Gakush\u00fb, voyant l&rsquo;ambiance anormale qui est en train de s&rsquo;installer dans sa classe qui voue une haine farouche \u00e0 la classe E, va faire une \u00e9tonnante demande aux \u00e9l\u00e8ves de M. Koro ! Qu&rsquo;est-il donc en train de manigancer\u2026 ? !<\/p>\n","protected":false},"featured_media":12200,"comment_status":"open","ping_status":"closed","template":"","meta":{"inline_featured_image":false},"product_cat":[203,204,205,3687],"product_tag":[],"class_list":{"0":"post-12199","1":"product","2":"type-product","3":"status-publish","4":"has-post-thumbnail","6":"product_cat-adolescente","7":"product_cat-francais","8":"product_cat-enfant-adolescente-francais","9":"product_cat-assassination-classroom","11":"first","12":"instock","13":"shipping-taxable","14":"purchasable","15":"product-type-simple"},"_links":{"self":[{"href":"https:\/\/baralivres.ma\/index.php?rest_route=\/wp\/v2\/product\/12199","targetHints":{"allow":["GET"]}}],"collection":[{"href":"https:\/\/baralivres.ma\/index.php?rest_route=\/wp\/v2\/product"}],"about":[{"href":"https:\/\/baralivres.ma\/index.php?rest_route=\/wp\/v2\/types\/product"}],"replies":[{"embeddable":true,"href":"https:\/\/baralivres.ma\/index.php?rest_route=%2Fwp%2Fv2%2Fcomments&post=12199"}],"version-history":[{"count":1,"href":"https:\/\/baralivres.ma\/index.php?rest_route=\/wp\/v2\/product\/12199\/revisions"}],"predecessor-version":[{"id":12201,"href":"https:\/\/baralivres.ma\/index.php?rest_route=\/wp\/v2\/product\/12199\/revisions\/12201"}],"wp:featuredmedia":[{"embeddable":true,"href":"https:\/\/baralivres.ma\/index.php?rest_route=\/wp\/v2\/media\/12200"}],"wp:attachment":[{"href":"https:\/\/baralivres.ma\/index.php?rest_route=%2Fwp%2Fv2%2Fmedia&parent=12199"}],"wp:term":[{"taxonomy":"product_cat","embeddable":true,"href":"https:\/\/baralivres.ma\/index.php?rest_route=%2Fwp%2Fv2%2Fproduct_cat&post=12199"},{"taxonomy":"product_tag","embeddable":true,"href":"https:\/\/baralivres.ma\/index.php?rest_route=%2Fwp%2Fv2%2Fproduct_tag&post=12199"}],"curies":[{"name":"wp","href":"https:\/\/api.w.org\/{rel}","templated":true}]}}