{"id":12196,"date":"2023-09-06T16:39:05","date_gmt":"2023-09-06T15:39:05","guid":{"rendered":"https:\/\/baralivres.ma\/?post_type=product&#038;p=12196"},"modified":"2024-04-03T13:57:20","modified_gmt":"2024-04-03T12:57:20","slug":"assassination-classroom-tome-13","status":"publish","type":"product","link":"https:\/\/baralivres.ma\/?product=assassination-classroom-tome-13","title":{"rendered":"Assassination Classroom Tome 13"},"content":{"rendered":"<p>Que se passera-t-il une fois que l&rsquo;assassinat de M. Koro aura r\u00e9ussi ? La classe E s&rsquo;interroge sur son avenir, et Nagisa commence \u00e0 douter de ses capacit\u00e9s. En rentrant chez lui, le jeune gar\u00e7on va avoir une discussion avec sa m\u00e8re&#8230; ! !<\/p>\n","protected":false},"excerpt":{"rendered":"<p>Que se passera-t-il une fois que l&rsquo;assassinat de M. Koro aura r\u00e9ussi ? La classe E s&rsquo;interroge sur son avenir, et Nagisa commence \u00e0 douter de ses capacit\u00e9s. En rentrant chez lui, le jeune gar\u00e7on va avoir une discussion avec sa m\u00e8re&#8230; ! !<\/p>\n","protected":false},"featured_media":12197,"comment_status":"open","ping_status":"closed","template":"","meta":{"inline_featured_image":false},"product_cat":[203,204,205,3687],"product_tag":[],"class_list":{"0":"post-12196","1":"product","2":"type-product","3":"status-publish","4":"has-post-thumbnail","6":"product_cat-adolescente","7":"product_cat-francais","8":"product_cat-enfant-adolescente-francais","9":"product_cat-assassination-classroom","11":"first","12":"instock","13":"shipping-taxable","14":"purchasable","15":"product-type-simple"},"_links":{"self":[{"href":"https:\/\/baralivres.ma\/index.php?rest_route=\/wp\/v2\/product\/12196","targetHints":{"allow":["GET"]}}],"collection":[{"href":"https:\/\/baralivres.ma\/index.php?rest_route=\/wp\/v2\/product"}],"about":[{"href":"https:\/\/baralivres.ma\/index.php?rest_route=\/wp\/v2\/types\/product"}],"replies":[{"embeddable":true,"href":"https:\/\/baralivres.ma\/index.php?rest_route=%2Fwp%2Fv2%2Fcomments&post=12196"}],"version-history":[{"count":1,"href":"https:\/\/baralivres.ma\/index.php?rest_route=\/wp\/v2\/product\/12196\/revisions"}],"predecessor-version":[{"id":12198,"href":"https:\/\/baralivres.ma\/index.php?rest_route=\/wp\/v2\/product\/12196\/revisions\/12198"}],"wp:featuredmedia":[{"embeddable":true,"href":"https:\/\/baralivres.ma\/index.php?rest_route=\/wp\/v2\/media\/12197"}],"wp:attachment":[{"href":"https:\/\/baralivres.ma\/index.php?rest_route=%2Fwp%2Fv2%2Fmedia&parent=12196"}],"wp:term":[{"taxonomy":"product_cat","embeddable":true,"href":"https:\/\/baralivres.ma\/index.php?rest_route=%2Fwp%2Fv2%2Fproduct_cat&post=12196"},{"taxonomy":"product_tag","embeddable":true,"href":"https:\/\/baralivres.ma\/index.php?rest_route=%2Fwp%2Fv2%2Fproduct_tag&post=12196"}],"curies":[{"name":"wp","href":"https:\/\/api.w.org\/{rel}","templated":true}]}}