{"id":12184,"date":"2023-09-06T16:33:10","date_gmt":"2023-09-06T15:33:10","guid":{"rendered":"https:\/\/baralivres.ma\/?post_type=product&#038;p=12184"},"modified":"2024-04-03T13:57:19","modified_gmt":"2024-04-03T12:57:19","slug":"assassination-classroom-tome-10","status":"publish","type":"product","link":"https:\/\/baralivres.ma\/?product=assassination-classroom-tome-10","title":{"rendered":"Assassination Classroom Tome 10"},"content":{"rendered":"<p>M. Koro est suspect\u00e9 de vol de sous-v\u00eatements ! ! Afin de regagner la confiance de ses \u00e9l\u00e8ves, il va devoir retrouver le vrai voleur. Mais tout \u00e7a n&rsquo;est peut-\u00eatre qu&rsquo;un pi\u00e8ge ? !<\/p>\n","protected":false},"excerpt":{"rendered":"<p>M. Koro est suspect\u00e9 de vol de sous-v\u00eatements ! ! Afin de regagner la confiance de ses \u00e9l\u00e8ves, il va devoir retrouver le vrai voleur. Mais tout \u00e7a n&rsquo;est peut-\u00eatre qu&rsquo;un pi\u00e8ge ? !<\/p>\n","protected":false},"featured_media":12185,"comment_status":"open","ping_status":"closed","template":"","meta":{"inline_featured_image":false},"product_cat":[203,204,205,3687],"product_tag":[],"class_list":{"0":"post-12184","1":"product","2":"type-product","3":"status-publish","4":"has-post-thumbnail","6":"product_cat-adolescente","7":"product_cat-francais","8":"product_cat-enfant-adolescente-francais","9":"product_cat-assassination-classroom","11":"first","12":"instock","13":"shipping-taxable","14":"purchasable","15":"product-type-simple"},"_links":{"self":[{"href":"https:\/\/baralivres.ma\/index.php?rest_route=\/wp\/v2\/product\/12184","targetHints":{"allow":["GET"]}}],"collection":[{"href":"https:\/\/baralivres.ma\/index.php?rest_route=\/wp\/v2\/product"}],"about":[{"href":"https:\/\/baralivres.ma\/index.php?rest_route=\/wp\/v2\/types\/product"}],"replies":[{"embeddable":true,"href":"https:\/\/baralivres.ma\/index.php?rest_route=%2Fwp%2Fv2%2Fcomments&post=12184"}],"version-history":[{"count":1,"href":"https:\/\/baralivres.ma\/index.php?rest_route=\/wp\/v2\/product\/12184\/revisions"}],"predecessor-version":[{"id":12186,"href":"https:\/\/baralivres.ma\/index.php?rest_route=\/wp\/v2\/product\/12184\/revisions\/12186"}],"wp:featuredmedia":[{"embeddable":true,"href":"https:\/\/baralivres.ma\/index.php?rest_route=\/wp\/v2\/media\/12185"}],"wp:attachment":[{"href":"https:\/\/baralivres.ma\/index.php?rest_route=%2Fwp%2Fv2%2Fmedia&parent=12184"}],"wp:term":[{"taxonomy":"product_cat","embeddable":true,"href":"https:\/\/baralivres.ma\/index.php?rest_route=%2Fwp%2Fv2%2Fproduct_cat&post=12184"},{"taxonomy":"product_tag","embeddable":true,"href":"https:\/\/baralivres.ma\/index.php?rest_route=%2Fwp%2Fv2%2Fproduct_tag&post=12184"}],"curies":[{"name":"wp","href":"https:\/\/api.w.org\/{rel}","templated":true}]}}