{"id":12181,"date":"2023-09-06T16:31:35","date_gmt":"2023-09-06T15:31:35","guid":{"rendered":"https:\/\/baralivres.ma\/?post_type=product&#038;p=12181"},"modified":"2024-04-03T13:57:24","modified_gmt":"2024-04-03T12:57:24","slug":"assassination-classroom-tome-9","status":"publish","type":"product","link":"https:\/\/baralivres.ma\/?product=assassination-classroom-tome-9","title":{"rendered":"Assassination Classroom Tome 9"},"content":{"rendered":"<p>La Lune est d\u00e9truite \u00e0 70 %, la Terre est en sursis ! La menace vient d&rsquo;un extraterrestre au physique de poulpe, aux capacit\u00e9s hors du commun et r\u00e9put\u00e9 indestructible !! Toutefois, comme il trouve que les Terriens sont de trop pi\u00e8tres adversaires, il d\u00e9cide de former la plus mauvaise classe d&rsquo;une \u00e9cole aux techniques d&rsquo;assassinat : \u00e0 la fin de l&rsquo;ann\u00e9e, Nagisa et ses camarades de classe devront parvenir \u00e0 tuer leur professeur !!<\/p>\n","protected":false},"excerpt":{"rendered":"<p>La Lune est d\u00e9truite \u00e0 70 %, la Terre est en sursis ! La menace vient d&rsquo;un extraterrestre au physique de poulpe, aux capacit\u00e9s hors du commun et r\u00e9put\u00e9 indestructible !! Toutefois, comme il trouve que les Terriens sont de trop pi\u00e8tres adversaires, il d\u00e9cide de former la plus mauvaise classe d&rsquo;une \u00e9cole aux techniques d&rsquo;assassinat : \u00e0 la fin de l&rsquo;ann\u00e9e, Nagisa et ses camarades de classe devront parvenir \u00e0 tuer leur professeur !!<\/p>\n","protected":false},"featured_media":12182,"comment_status":"open","ping_status":"closed","template":"","meta":{"inline_featured_image":false},"product_cat":[203,204,205,3687],"product_tag":[],"class_list":{"0":"post-12181","1":"product","2":"type-product","3":"status-publish","4":"has-post-thumbnail","6":"product_cat-adolescente","7":"product_cat-francais","8":"product_cat-enfant-adolescente-francais","9":"product_cat-assassination-classroom","11":"first","12":"instock","13":"shipping-taxable","14":"purchasable","15":"product-type-simple"},"_links":{"self":[{"href":"https:\/\/baralivres.ma\/index.php?rest_route=\/wp\/v2\/product\/12181","targetHints":{"allow":["GET"]}}],"collection":[{"href":"https:\/\/baralivres.ma\/index.php?rest_route=\/wp\/v2\/product"}],"about":[{"href":"https:\/\/baralivres.ma\/index.php?rest_route=\/wp\/v2\/types\/product"}],"replies":[{"embeddable":true,"href":"https:\/\/baralivres.ma\/index.php?rest_route=%2Fwp%2Fv2%2Fcomments&post=12181"}],"version-history":[{"count":1,"href":"https:\/\/baralivres.ma\/index.php?rest_route=\/wp\/v2\/product\/12181\/revisions"}],"predecessor-version":[{"id":12183,"href":"https:\/\/baralivres.ma\/index.php?rest_route=\/wp\/v2\/product\/12181\/revisions\/12183"}],"wp:featuredmedia":[{"embeddable":true,"href":"https:\/\/baralivres.ma\/index.php?rest_route=\/wp\/v2\/media\/12182"}],"wp:attachment":[{"href":"https:\/\/baralivres.ma\/index.php?rest_route=%2Fwp%2Fv2%2Fmedia&parent=12181"}],"wp:term":[{"taxonomy":"product_cat","embeddable":true,"href":"https:\/\/baralivres.ma\/index.php?rest_route=%2Fwp%2Fv2%2Fproduct_cat&post=12181"},{"taxonomy":"product_tag","embeddable":true,"href":"https:\/\/baralivres.ma\/index.php?rest_route=%2Fwp%2Fv2%2Fproduct_tag&post=12181"}],"curies":[{"name":"wp","href":"https:\/\/api.w.org\/{rel}","templated":true}]}}