{"id":12178,"date":"2023-09-06T16:29:22","date_gmt":"2023-09-06T15:29:22","guid":{"rendered":"https:\/\/baralivres.ma\/?post_type=product&#038;p=12178"},"modified":"2024-04-03T13:57:24","modified_gmt":"2024-04-03T12:57:24","slug":"assassination-classroom-tome-8","status":"publish","type":"product","link":"https:\/\/baralivres.ma\/?product=assassination-classroom-tome-8","title":{"rendered":"Assassination Classroom Tome 8"},"content":{"rendered":"<p>Pendant les vacances d&rsquo;\u00e9t\u00e9, la classe E a \u00e9t\u00e9 victime d&rsquo;une attaque bioterroriste. Afin de r\u00e9cup\u00e9rer l&rsquo;antidote, les \u00e9l\u00e8ves non infect\u00e9s d\u00e9cident de s&rsquo;infiltrer dans l&rsquo;h\u00f4tel o\u00f9 se trouve le criminel. Pourront-ils mettre en pratique leurs techniques d&rsquo;assassinat face \u00e0 des v\u00e9ritables tueurs ?!<\/p>\n","protected":false},"excerpt":{"rendered":"<p>Pendant les vacances d&rsquo;\u00e9t\u00e9, la classe E a \u00e9t\u00e9 victime d&rsquo;une attaque bioterroriste. Afin de r\u00e9cup\u00e9rer l&rsquo;antidote, les \u00e9l\u00e8ves non infect\u00e9s d\u00e9cident de s&rsquo;infiltrer dans l&rsquo;h\u00f4tel o\u00f9 se trouve le criminel. Pourront-ils mettre en pratique leurs techniques d&rsquo;assassinat face \u00e0 des v\u00e9ritables tueurs ?!<\/p>\n","protected":false},"featured_media":12179,"comment_status":"open","ping_status":"closed","template":"","meta":{"inline_featured_image":false},"product_cat":[203,204,205,3687],"product_tag":[],"class_list":{"0":"post-12178","1":"product","2":"type-product","3":"status-publish","4":"has-post-thumbnail","6":"product_cat-adolescente","7":"product_cat-francais","8":"product_cat-enfant-adolescente-francais","9":"product_cat-assassination-classroom","11":"first","12":"instock","13":"shipping-taxable","14":"purchasable","15":"product-type-simple"},"_links":{"self":[{"href":"https:\/\/baralivres.ma\/index.php?rest_route=\/wp\/v2\/product\/12178","targetHints":{"allow":["GET"]}}],"collection":[{"href":"https:\/\/baralivres.ma\/index.php?rest_route=\/wp\/v2\/product"}],"about":[{"href":"https:\/\/baralivres.ma\/index.php?rest_route=\/wp\/v2\/types\/product"}],"replies":[{"embeddable":true,"href":"https:\/\/baralivres.ma\/index.php?rest_route=%2Fwp%2Fv2%2Fcomments&post=12178"}],"version-history":[{"count":1,"href":"https:\/\/baralivres.ma\/index.php?rest_route=\/wp\/v2\/product\/12178\/revisions"}],"predecessor-version":[{"id":12180,"href":"https:\/\/baralivres.ma\/index.php?rest_route=\/wp\/v2\/product\/12178\/revisions\/12180"}],"wp:featuredmedia":[{"embeddable":true,"href":"https:\/\/baralivres.ma\/index.php?rest_route=\/wp\/v2\/media\/12179"}],"wp:attachment":[{"href":"https:\/\/baralivres.ma\/index.php?rest_route=%2Fwp%2Fv2%2Fmedia&parent=12178"}],"wp:term":[{"taxonomy":"product_cat","embeddable":true,"href":"https:\/\/baralivres.ma\/index.php?rest_route=%2Fwp%2Fv2%2Fproduct_cat&post=12178"},{"taxonomy":"product_tag","embeddable":true,"href":"https:\/\/baralivres.ma\/index.php?rest_route=%2Fwp%2Fv2%2Fproduct_tag&post=12178"}],"curies":[{"name":"wp","href":"https:\/\/api.w.org\/{rel}","templated":true}]}}